{"id":1933,"date":"2024-04-19T17:22:12","date_gmt":"2024-04-19T14:22:12","guid":{"rendered":"https:\/\/info.corendon.com.tr\/antalya\/"},"modified":"2024-05-27T13:52:48","modified_gmt":"2024-05-27T10:52:48","slug":"antalya","status":"publish","type":"page","link":"https:\/\/info.corendon.com.tr\/fr\/antalya\/","title":{"rendered":"Antalya"},"content":{"rendered":"\t\t<div data-elementor-type=\"wp-page\" data-elementor-id=\"1933\" class=\"elementor elementor-1933 elementor-678\" data-elementor-post-type=\"page\">\n\t\t\t\t<div class=\"elementor-element elementor-element-1dc2d12 e-flex e-con-boxed e-con e-parent\" data-id=\"1dc2d12\" data-element_type=\"container\">\n\t\t\t\t\t<div class=\"e-con-inner\">\n\t\t\t\t<div class=\"elementor-element elementor-element-9c330ca elementor-nav-menu__align-center elementor-nav-menu--dropdown-none elementor-widget elementor-widget-nav-menu\" data-id=\"9c330ca\" data-element_type=\"widget\" data-settings=\"{&quot;layout&quot;:&quot;horizontal&quot;,&quot;submenu_icon&quot;:{&quot;value&quot;:&quot;&lt;svg aria-hidden=\\&quot;true\\&quot; class=\\&quot;e-font-icon-svg e-fas-caret-down\\&quot; viewBox=\\&quot;0 0 320 512\\&quot; xmlns=\\&quot;http:\\\/\\\/www.w3.org\\\/2000\\\/svg\\&quot;&gt;&lt;path d=\\&quot;M31.3 192h257.3c17.8 0 26.7 21.5 14.1 34.1L174.1 354.8c-7.8 7.8-20.5 7.8-28.3 0L17.2 226.1C4.6 213.5 13.5 192 31.3 192z\\&quot;&gt;&lt;\\\/path&gt;&lt;\\\/svg&gt;&quot;,&quot;library&quot;:&quot;fa-solid&quot;}}\" data-widget_type=\"nav-menu.default\">\n\t\t\t\t<div class=\"elementor-widget-container\">\n\t\t\t\t\t\t\t\t<nav aria-label=\"Menu\" class=\"elementor-nav-menu--main elementor-nav-menu__container elementor-nav-menu--layout-horizontal e--pointer-none\">\n\t\t\t\t<ul id=\"menu-1-9c330ca\" class=\"elementor-nav-menu\"><li class=\"menu-item menu-item-type-custom menu-item-object-custom menu-item-has-children menu-item-478\"><a href=\"#\" class=\"elementor-item elementor-item-anchor\">Choose Destination<\/a>\n<ul class=\"sub-menu elementor-nav-menu--dropdown\">\n\t<li class=\"menu-item menu-item-type-post_type menu-item-object-page menu-item-485\"><a href=\"https:\/\/info.corendon.com.tr\/en\/antalya\/\" class=\"elementor-sub-item\">Antalya<\/a><\/li>\n\t<li class=\"menu-item menu-item-type-post_type menu-item-object-page menu-item-484\"><a href=\"https:\/\/info.corendon.com.tr\/en\/?page_id=404\" class=\"elementor-sub-item\">Alanya<\/a><\/li>\n\t<li class=\"menu-item menu-item-type-post_type menu-item-object-page menu-item-483\"><a href=\"https:\/\/info.corendon.com.tr\/en\/side\/\" class=\"elementor-sub-item\">Side<\/a><\/li>\n\t<li class=\"menu-item menu-item-type-post_type menu-item-object-page menu-item-482\"><a href=\"https:\/\/info.corendon.com.tr\/en\/kemer\/\" class=\"elementor-sub-item\">Kemer<\/a><\/li>\n\t<li class=\"menu-item menu-item-type-post_type menu-item-object-page menu-item-481\"><a href=\"https:\/\/info.corendon.com.tr\/en\/belek\/\" class=\"elementor-sub-item\">Belek<\/a><\/li>\n\t<li class=\"menu-item menu-item-type-post_type menu-item-object-page menu-item-480\"><a href=\"https:\/\/info.corendon.com.tr\/en\/marmaris\/\" class=\"elementor-sub-item\">Marmaris<\/a><\/li>\n\t<li class=\"menu-item menu-item-type-post_type menu-item-object-page menu-item-479\"><a href=\"https:\/\/info.corendon.com.tr\/en\/bodrum\/\" class=\"elementor-sub-item\">Bodrum<\/a><\/li>\n<\/ul>\n<\/li>\n<\/ul>\t\t\t<\/nav>\n\t\t\t\t\t\t<nav class=\"elementor-nav-menu--dropdown elementor-nav-menu__container\" aria-hidden=\"true\">\n\t\t\t\t<ul id=\"menu-2-9c330ca\" class=\"elementor-nav-menu\"><li class=\"menu-item menu-item-type-custom menu-item-object-custom menu-item-has-children menu-item-478\"><a href=\"#\" class=\"elementor-item elementor-item-anchor\" tabindex=\"-1\">Choose Destination<\/a>\n<ul class=\"sub-menu elementor-nav-menu--dropdown\">\n\t<li class=\"menu-item menu-item-type-post_type menu-item-object-page menu-item-485\"><a href=\"https:\/\/info.corendon.com.tr\/en\/antalya\/\" class=\"elementor-sub-item\" tabindex=\"-1\">Antalya<\/a><\/li>\n\t<li class=\"menu-item menu-item-type-post_type menu-item-object-page menu-item-484\"><a href=\"https:\/\/info.corendon.com.tr\/en\/?page_id=404\" class=\"elementor-sub-item\" tabindex=\"-1\">Alanya<\/a><\/li>\n\t<li class=\"menu-item menu-item-type-post_type menu-item-object-page menu-item-483\"><a href=\"https:\/\/info.corendon.com.tr\/en\/side\/\" class=\"elementor-sub-item\" tabindex=\"-1\">Side<\/a><\/li>\n\t<li class=\"menu-item menu-item-type-post_type menu-item-object-page menu-item-482\"><a href=\"https:\/\/info.corendon.com.tr\/en\/kemer\/\" class=\"elementor-sub-item\" tabindex=\"-1\">Kemer<\/a><\/li>\n\t<li class=\"menu-item menu-item-type-post_type menu-item-object-page menu-item-481\"><a href=\"https:\/\/info.corendon.com.tr\/en\/belek\/\" class=\"elementor-sub-item\" tabindex=\"-1\">Belek<\/a><\/li>\n\t<li class=\"menu-item menu-item-type-post_type menu-item-object-page menu-item-480\"><a href=\"https:\/\/info.corendon.com.tr\/en\/marmaris\/\" class=\"elementor-sub-item\" tabindex=\"-1\">Marmaris<\/a><\/li>\n\t<li class=\"menu-item menu-item-type-post_type menu-item-object-page menu-item-479\"><a href=\"https:\/\/info.corendon.com.tr\/en\/bodrum\/\" class=\"elementor-sub-item\" tabindex=\"-1\">Bodrum<\/a><\/li>\n<\/ul>\n<\/li>\n<\/ul>\t\t\t<\/nav>\n\t\t\t\t\t\t<\/div>\n\t\t\t\t<\/div>\n\t\t\t\t\t<\/div>\n\t\t\t\t<\/div>\n\t\t\t\t<section class=\"elementor-section elementor-top-section elementor-element elementor-element-3cc4fece elementor-reverse-mobile elementor-section-boxed elementor-section-height-default elementor-section-height-default\" data-id=\"3cc4fece\" data-element_type=\"section\">\n\t\t\t\t\t\t<div class=\"elementor-container elementor-column-gap-default\">\n\t\t\t\t\t<div class=\"elementor-column elementor-col-50 elementor-top-column elementor-element elementor-element-491187a\" data-id=\"491187a\" data-element_type=\"column\">\n\t\t\t<div class=\"elementor-widget-wrap elementor-element-populated\">\n\t\t\t\t\t\t<section class=\"elementor-section elementor-inner-section elementor-element elementor-element-510cd8a9 elementor-section-boxed elementor-section-height-default elementor-section-height-default\" data-id=\"510cd8a9\" data-element_type=\"section\">\n\t\t\t\t\t\t<div class=\"elementor-container elementor-column-gap-default\">\n\t\t\t\t\t<div class=\"elementor-column elementor-col-100 elementor-inner-column elementor-element elementor-element-53a6e195\" data-id=\"53a6e195\" data-element_type=\"column\">\n\t\t\t<div class=\"elementor-widget-wrap elementor-element-populated\">\n\t\t\t\t\t\t<div class=\"elementor-element elementor-element-5118d471 elementor-widget elementor-widget-heading\" data-id=\"5118d471\" data-element_type=\"widget\" data-widget_type=\"heading.default\">\n\t\t\t\t<div class=\"elementor-widget-container\">\n\t\t\t\t\t<h3 class=\"elementor-heading-title elementor-size-default\">Antalya<\/h3>\t\t\t\t<\/div>\n\t\t\t\t<\/div>\n\t\t\t\t<div class=\"elementor-element elementor-element-6fdab35b elementor-widget elementor-widget-text-editor\" data-id=\"6fdab35b\" data-element_type=\"widget\" data-widget_type=\"text-editor.default\">\n\t\t\t\t<div class=\"elementor-widget-container\">\n\t\t\t\t\t\t\t\t\t<div class=\"page\" title=\"Page 15\">\n<div class=\"layoutArea\">\n<div class=\"column\">\n<p>La ville fut fonde\u0301e au IIe sie\u0300cle avant J.-C. par Attalos II de Pergame en tant que ville portuaire. Gra\u0302ce a\u0300 des conditions naturelles favorables, la ville, qui s\u2019appelait alors Attaleia, devint le port le plus important de la co\u0302te me\u0301ridionale. L\u2019empereur Hadrien visita la ville en 130. A\u0300 cette occasion, un mur d\u2019enceinte e\u0301pais fut e\u0301rige\u0301, avec une porte d\u2019honneur pour l\u2019empereur. Au XIIe sie\u0300cle, le port e\u0301tait un point d\u2019appui important pour les croise\u0301s sur la route<br \/>\nde la Palestine. En 1207, les Seldjoukides conquirent la ville. Les Ottomans<br \/>\nreprirent le pouvoir a\u0300 la fin du XIVe sie\u0300cle et le conserve\u0300rent jusqu\u2019en<br \/>\n1923.<\/p>\n<p>Quelques monuments seldjoukides et ottomans ont e\u0301te\u0301 e\u0301pargne\u0301s<br \/>\net sont les rares te\u0301moins de la riche histoire de la ville. Le<br \/>\nmonument le plus ce\u0301le\u0300bre est le Yivli Minare, le minaret nervure\u0301,<br \/>\nqui a e\u0301te\u0301 construit vers 1200 et qui est l\u2019un des points de repe\u0300re<br \/>\nde la ville. L\u2019Alaettin Camii, avec son toit compose\u0301 de six do\u0302mes,<br \/>\na e\u0301te\u0301 construit contre le minaret en 1373. De l\u2019autre co\u0302te\u0301 de la<br \/>\nplace, sur laquelle se trouvent la mosque\u0301e et le minaret, se dresse un clocher. De la\u0300, on a une vue imprenable sur la ville et les sommets enneige\u0301s du Bey Dag\u0306lar\u0131.<\/p>\n<\/div>\n<\/div>\n<\/div>\n\t\t\t\t\t\t\t\t<\/div>\n\t\t\t\t<\/div>\n\t\t\t\t\t<\/div>\n\t\t<\/div>\n\t\t\t\t\t<\/div>\n\t\t<\/section>\n\t\t\t\t\t<\/div>\n\t\t<\/div>\n\t\t\t\t<div class=\"elementor-column elementor-col-50 elementor-top-column elementor-element elementor-element-c8ca56f\" data-id=\"c8ca56f\" data-element_type=\"column\">\n\t\t\t<div class=\"elementor-widget-wrap elementor-element-populated\">\n\t\t\t\t\t\t<section class=\"elementor-section elementor-inner-section elementor-element elementor-element-69ba30e elementor-section-boxed elementor-section-height-default elementor-section-height-default\" data-id=\"69ba30e\" data-element_type=\"section\">\n\t\t\t\t\t\t<div class=\"elementor-container elementor-column-gap-default\">\n\t\t\t\t\t<div class=\"elementor-column elementor-col-100 elementor-inner-column elementor-element elementor-element-4ebb1909\" data-id=\"4ebb1909\" data-element_type=\"column\">\n\t\t\t<div class=\"elementor-widget-wrap elementor-element-populated\">\n\t\t\t\t\t\t<div class=\"elementor-element elementor-element-1379ce3d elementor-widget elementor-widget-image\" data-id=\"1379ce3d\" data-element_type=\"widget\" data-widget_type=\"image.default\">\n\t\t\t\t<div class=\"elementor-widget-container\">\n\t\t\t\t\t\t\t\t\t\t\t\t\t\t\t<img fetchpriority=\"high\" decoding=\"async\" width=\"2000\" height=\"1326\" src=\"https:\/\/info.corendon.com.tr\/wp-content\/uploads\/2024\/04\/unesco-1.jpg\" class=\"attachment-full size-full wp-image-1934\" alt=\"\" srcset=\"https:\/\/info.corendon.com.tr\/wp-content\/uploads\/2024\/04\/unesco-1.jpg 2000w, https:\/\/info.corendon.com.tr\/wp-content\/uploads\/2024\/04\/unesco-1-300x199.jpg 300w, https:\/\/info.corendon.com.tr\/wp-content\/uploads\/2024\/04\/unesco-1-1024x679.jpg 1024w, https:\/\/info.corendon.com.tr\/wp-content\/uploads\/2024\/04\/unesco-1-768x509.jpg 768w, https:\/\/info.corendon.com.tr\/wp-content\/uploads\/2024\/04\/unesco-1-1536x1018.jpg 1536w, https:\/\/info.corendon.com.tr\/wp-content\/uploads\/2024\/04\/unesco-1-1568x1040.jpg 1568w\" sizes=\"(max-width: 2000px) 100vw, 2000px\" \/>\t\t\t\t\t\t\t\t\t\t\t\t\t\t\t<\/div>\n\t\t\t\t<\/div>\n\t\t\t\t\t<\/div>\n\t\t<\/div>\n\t\t\t\t\t<\/div>\n\t\t<\/section>\n\t\t\t\t\t<\/div>\n\t\t<\/div>\n\t\t\t\t\t<\/div>\n\t\t<\/section>\n\t\t\t\t<section class=\"elementor-section elementor-top-section elementor-element elementor-element-7e5696b4 elementor-section-boxed elementor-section-height-default elementor-section-height-default\" data-id=\"7e5696b4\" data-element_type=\"section\">\n\t\t\t\t\t\t<div class=\"elementor-container elementor-column-gap-default\">\n\t\t\t\t\t<div class=\"elementor-column elementor-col-50 elementor-top-column elementor-element elementor-element-42bc207d\" data-id=\"42bc207d\" data-element_type=\"column\">\n\t\t\t<div class=\"elementor-widget-wrap elementor-element-populated\">\n\t\t\t\t\t\t<section class=\"elementor-section elementor-inner-section elementor-element elementor-element-2e14680a elementor-section-boxed elementor-section-height-default elementor-section-height-default\" data-id=\"2e14680a\" data-element_type=\"section\">\n\t\t\t\t\t\t<div class=\"elementor-container elementor-column-gap-default\">\n\t\t\t\t\t<div class=\"elementor-column elementor-col-100 elementor-inner-column elementor-element elementor-element-789ed3e6\" data-id=\"789ed3e6\" data-element_type=\"column\">\n\t\t\t<div class=\"elementor-widget-wrap elementor-element-populated\">\n\t\t\t\t\t\t<div class=\"elementor-element elementor-element-a88a493 elementor-widget elementor-widget-image\" data-id=\"a88a493\" data-element_type=\"widget\" data-widget_type=\"image.default\">\n\t\t\t\t<div class=\"elementor-widget-container\">\n\t\t\t\t\t\t\t\t\t\t\t\t\t\t\t<img decoding=\"async\" width=\"2000\" height=\"1326\" src=\"https:\/\/info.corendon.com.tr\/wp-content\/uploads\/2024\/04\/unesco-9.png\" class=\"attachment-full size-full wp-image-1935\" alt=\"\" srcset=\"https:\/\/info.corendon.com.tr\/wp-content\/uploads\/2024\/04\/unesco-9.png 2000w, https:\/\/info.corendon.com.tr\/wp-content\/uploads\/2024\/04\/unesco-9-300x199.png 300w, https:\/\/info.corendon.com.tr\/wp-content\/uploads\/2024\/04\/unesco-9-1024x679.png 1024w, https:\/\/info.corendon.com.tr\/wp-content\/uploads\/2024\/04\/unesco-9-768x509.png 768w, https:\/\/info.corendon.com.tr\/wp-content\/uploads\/2024\/04\/unesco-9-1536x1018.png 1536w, https:\/\/info.corendon.com.tr\/wp-content\/uploads\/2024\/04\/unesco-9-1568x1040.png 1568w\" sizes=\"(max-width: 2000px) 100vw, 2000px\" \/>\t\t\t\t\t\t\t\t\t\t\t\t\t\t\t<\/div>\n\t\t\t\t<\/div>\n\t\t\t\t\t<\/div>\n\t\t<\/div>\n\t\t\t\t\t<\/div>\n\t\t<\/section>\n\t\t\t\t\t<\/div>\n\t\t<\/div>\n\t\t\t\t<div class=\"elementor-column elementor-col-50 elementor-top-column elementor-element elementor-element-1ab98131\" data-id=\"1ab98131\" data-element_type=\"column\">\n\t\t\t<div class=\"elementor-widget-wrap elementor-element-populated\">\n\t\t\t\t\t\t<section class=\"elementor-section elementor-inner-section elementor-element elementor-element-5273cfe1 elementor-section-boxed elementor-section-height-default elementor-section-height-default\" data-id=\"5273cfe1\" data-element_type=\"section\">\n\t\t\t\t\t\t<div class=\"elementor-container elementor-column-gap-default\">\n\t\t\t\t\t<div class=\"elementor-column elementor-col-100 elementor-inner-column elementor-element elementor-element-437b7966\" data-id=\"437b7966\" data-element_type=\"column\">\n\t\t\t<div class=\"elementor-widget-wrap elementor-element-populated\">\n\t\t\t\t\t\t<div class=\"elementor-element elementor-element-12a743b5 elementor-widget elementor-widget-text-editor\" data-id=\"12a743b5\" data-element_type=\"widget\" data-widget_type=\"text-editor.default\">\n\t\t\t\t<div class=\"elementor-widget-container\">\n\t\t\t\t\t\t\t\t\t<div class=\"page\" title=\"Page 15\">\n<div class=\"layoutArea\">\n<div class=\"column\">\n<p>Un peu plus au sud se dresse le Camii Ali Pas\u0327a seldjoukide, dont les fene\u0302tres<br \/>\net les portes sont orne\u0301es de lettres arabes. En passant par le port, on arrive a\u0300 la H\u0131d\u0131rl\u0131k Kulesi (IIe sie\u0300cle), la grande tour, utilise\u0301e comme phare par les Romains. A\u0300 co\u0302te\u0301 se trouve le Karaali Park\u0131, un parc verdoyant plante\u0301 d\u2019arbres et de plantes subtropicales au bord de la mer bleue. Sur le chemin du retour, vous pouvez passer devant le Kesik Minare ou minaret brise\u0301.<\/p>\n<\/div>\n<\/div>\n<\/div>\n\t\t\t\t\t\t\t\t<\/div>\n\t\t\t\t<\/div>\n\t\t\t\t\t<\/div>\n\t\t<\/div>\n\t\t\t\t\t<\/div>\n\t\t<\/section>\n\t\t\t\t\t<\/div>\n\t\t<\/div>\n\t\t\t\t\t<\/div>\n\t\t<\/section>\n\t\t\t\t<section class=\"elementor-section elementor-top-section elementor-element elementor-element-59c4484b elementor-reverse-mobile elementor-section-boxed elementor-section-height-default elementor-section-height-default\" data-id=\"59c4484b\" data-element_type=\"section\">\n\t\t\t\t\t\t<div class=\"elementor-container elementor-column-gap-default\">\n\t\t\t\t\t<div class=\"elementor-column elementor-col-50 elementor-top-column elementor-element elementor-element-5b357e84\" data-id=\"5b357e84\" data-element_type=\"column\">\n\t\t\t<div class=\"elementor-widget-wrap elementor-element-populated\">\n\t\t\t\t\t\t<section class=\"elementor-section elementor-inner-section elementor-element elementor-element-2c8e6887 elementor-section-boxed elementor-section-height-default elementor-section-height-default\" data-id=\"2c8e6887\" data-element_type=\"section\">\n\t\t\t\t\t\t<div class=\"elementor-container elementor-column-gap-default\">\n\t\t\t\t\t<div class=\"elementor-column elementor-col-100 elementor-inner-column elementor-element elementor-element-63275f3c\" data-id=\"63275f3c\" data-element_type=\"column\">\n\t\t\t<div class=\"elementor-widget-wrap elementor-element-populated\">\n\t\t\t\t\t\t<div class=\"elementor-element elementor-element-47e11098 elementor-widget elementor-widget-text-editor\" data-id=\"47e11098\" data-element_type=\"widget\" data-widget_type=\"text-editor.default\">\n\t\t\t\t<div class=\"elementor-widget-container\">\n\t\t\t\t\t\t\t\t\t<div class=\"page\" title=\"Page 15\">\r\n<div class=\"layoutArea\">\r\n<div class=\"column\">\r\n\r\nAu Ve sie\u0300cle, les Byzantins construisirent une basilique sur les fondations d\u2019un temple romain. Au 13e sie\u0300cle, elle fut transforme\u0301e en mosque\u0301e et le minaret y fut ajoute\u0301. Apre\u0300s un incendie en 1896, le minaret perdit sa fle\u0300che, qui ne fut pas reconstruite. Sur Atatu\u0308rk Caddesi se trouve la porte d\u2019Hadrien, dote\u0301e de trois tre\u0300s beaux arcs de triomphe, flanque\u0301s de deux tours carre\u0301es de 14 me\u0300tres de haut. Les magnifiques ornements en relief et une inscription dans la tour sud, relative a\u0300 la riche me\u0301ce\u0300ne romaine Julia Sancta, ont e\u0301te\u0301 pre\u0301serve\u0301s. Des maisons ottomanes sont encore disse\u0301mine\u0301es dans la vieille ville.\r\n\r\nLe muse\u0301e arche\u0301ologique est situe\u0301 a\u0300 2 kilome\u0300tres a\u0300 l\u2019ouest du centre-ville. Sa collection de trouvailles grecques, romaines et byzantines est l\u2019une des plus importantes du pays. On y trouve e\u0301galement certaines des plus anciennes haches en pierre de feu provenant de grottes situe\u0301es dans les montagnes du Taurus. Parmi les pie\u0300ces mai\u0302tresses, on voit de magnifiques statues de dieux de l\u2019Antiquite\u0301 (y compris de Side). Il y a aussi des ico\u0302nes byzantines et un reliquaire contenant des ossements de saint Nicolas. La collection ethnographique, avec une tente nomade entie\u0300rement e\u0301quipe\u0301e, un atelier de tissage de tapis et une maison ottomane de luxe, vaut e\u0301galement la peine d\u2019e\u0302tre vue.\r\n\r\n<\/div>\r\n<\/div>\r\n<\/div>\t\t\t\t\t\t\t\t<\/div>\n\t\t\t\t<\/div>\n\t\t\t\t\t<\/div>\n\t\t<\/div>\n\t\t\t\t\t<\/div>\n\t\t<\/section>\n\t\t\t\t\t<\/div>\n\t\t<\/div>\n\t\t\t\t<div class=\"elementor-column elementor-col-50 elementor-top-column elementor-element elementor-element-bf6277\" data-id=\"bf6277\" data-element_type=\"column\">\n\t\t\t<div class=\"elementor-widget-wrap elementor-element-populated\">\n\t\t\t\t\t\t<section class=\"elementor-section elementor-inner-section elementor-element elementor-element-71413da6 elementor-section-boxed elementor-section-height-default elementor-section-height-default\" data-id=\"71413da6\" data-element_type=\"section\">\n\t\t\t\t\t\t<div class=\"elementor-container elementor-column-gap-default\">\n\t\t\t\t\t<div class=\"elementor-column elementor-col-100 elementor-inner-column elementor-element elementor-element-67a24415\" data-id=\"67a24415\" data-element_type=\"column\">\n\t\t\t<div class=\"elementor-widget-wrap elementor-element-populated\">\n\t\t\t\t\t\t<div class=\"elementor-element elementor-element-49309d69 elementor-widget elementor-widget-image\" data-id=\"49309d69\" data-element_type=\"widget\" data-widget_type=\"image.default\">\n\t\t\t\t<div class=\"elementor-widget-container\">\n\t\t\t\t\t\t\t\t\t\t\t\t\t\t\t<img decoding=\"async\" width=\"2000\" height=\"1326\" src=\"https:\/\/info.corendon.com.tr\/wp-content\/uploads\/2024\/04\/unesco-2.jpg\" class=\"attachment-full size-full wp-image-1936\" alt=\"\" srcset=\"https:\/\/info.corendon.com.tr\/wp-content\/uploads\/2024\/04\/unesco-2.jpg 2000w, https:\/\/info.corendon.com.tr\/wp-content\/uploads\/2024\/04\/unesco-2-300x199.jpg 300w, https:\/\/info.corendon.com.tr\/wp-content\/uploads\/2024\/04\/unesco-2-1024x679.jpg 1024w, https:\/\/info.corendon.com.tr\/wp-content\/uploads\/2024\/04\/unesco-2-768x509.jpg 768w, https:\/\/info.corendon.com.tr\/wp-content\/uploads\/2024\/04\/unesco-2-1536x1018.jpg 1536w, https:\/\/info.corendon.com.tr\/wp-content\/uploads\/2024\/04\/unesco-2-1568x1040.jpg 1568w\" sizes=\"(max-width: 2000px) 100vw, 2000px\" \/>\t\t\t\t\t\t\t\t\t\t\t\t\t\t\t<\/div>\n\t\t\t\t<\/div>\n\t\t\t\t\t<\/div>\n\t\t<\/div>\n\t\t\t\t\t<\/div>\n\t\t<\/section>\n\t\t\t\t\t<\/div>\n\t\t<\/div>\n\t\t\t\t\t<\/div>\n\t\t<\/section>\n\t\t\t\t<\/div>\n\t\t","protected":false},"excerpt":{"rendered":"<p>Antalya La ville fut fonde\u0301e au IIe sie\u0300cle avant J.-C. par Attalos II de Pergame en tant que ville portuaire. Gra\u0302ce a\u0300 des conditions naturelles favorables, la ville, qui s\u2019appelait alors Attaleia, devint le port le plus important de la co\u0302te me\u0301ridionale. L\u2019empereur Hadrien visita la ville en 130. A\u0300 cette occasion, un mur d\u2019enceinte [&hellip;]<\/p>\n","protected":false},"author":1,"featured_media":0,"parent":0,"menu_order":0,"comment_status":"closed","ping_status":"closed","template":"elementor_header_footer","meta":{"footnotes":""},"class_list":["post-1933","page","type-page","status-publish","hentry"],"_links":{"self":[{"href":"https:\/\/info.corendon.com.tr\/fr\/wp-json\/wp\/v2\/pages\/1933","targetHints":{"allow":["GET"]}}],"collection":[{"href":"https:\/\/info.corendon.com.tr\/fr\/wp-json\/wp\/v2\/pages"}],"about":[{"href":"https:\/\/info.corendon.com.tr\/fr\/wp-json\/wp\/v2\/types\/page"}],"author":[{"embeddable":true,"href":"https:\/\/info.corendon.com.tr\/fr\/wp-json\/wp\/v2\/users\/1"}],"replies":[{"embeddable":true,"href":"https:\/\/info.corendon.com.tr\/fr\/wp-json\/wp\/v2\/comments?post=1933"}],"version-history":[{"count":1,"href":"https:\/\/info.corendon.com.tr\/fr\/wp-json\/wp\/v2\/pages\/1933\/revisions"}],"predecessor-version":[{"id":1937,"href":"https:\/\/info.corendon.com.tr\/fr\/wp-json\/wp\/v2\/pages\/1933\/revisions\/1937"}],"wp:attachment":[{"href":"https:\/\/info.corendon.com.tr\/fr\/wp-json\/wp\/v2\/media?parent=1933"}],"curies":[{"name":"wp","href":"https:\/\/api.w.org\/{rel}","templated":true}]}}