{"id":1894,"date":"2024-04-18T11:00:27","date_gmt":"2024-04-18T08:00:27","guid":{"rendered":"https:\/\/info.corendon.com.tr\/histoire\/"},"modified":"2024-05-27T13:22:55","modified_gmt":"2024-05-27T10:22:55","slug":"histoire","status":"publish","type":"page","link":"https:\/\/info.corendon.com.tr\/fr\/histoire\/","title":{"rendered":"Histoire"},"content":{"rendered":"\t\t<div data-elementor-type=\"wp-page\" data-elementor-id=\"1894\" class=\"elementor elementor-1894 elementor-663\" data-elementor-post-type=\"page\">\n\t\t\t\t<div class=\"elementor-element elementor-element-053b1aa e-flex e-con-boxed e-con e-parent\" data-id=\"053b1aa\" data-element_type=\"container\">\n\t\t\t\t\t<div class=\"e-con-inner\">\n\t\t\t\t<div class=\"elementor-element elementor-element-f139861 elementor-nav-menu__align-center elementor-nav-menu--dropdown-none elementor-widget elementor-widget-nav-menu\" data-id=\"f139861\" data-element_type=\"widget\" data-settings=\"{&quot;layout&quot;:&quot;horizontal&quot;,&quot;submenu_icon&quot;:{&quot;value&quot;:&quot;&lt;svg aria-hidden=\\&quot;true\\&quot; class=\\&quot;e-font-icon-svg e-fas-caret-down\\&quot; viewBox=\\&quot;0 0 320 512\\&quot; xmlns=\\&quot;http:\\\/\\\/www.w3.org\\\/2000\\\/svg\\&quot;&gt;&lt;path d=\\&quot;M31.3 192h257.3c17.8 0 26.7 21.5 14.1 34.1L174.1 354.8c-7.8 7.8-20.5 7.8-28.3 0L17.2 226.1C4.6 213.5 13.5 192 31.3 192z\\&quot;&gt;&lt;\\\/path&gt;&lt;\\\/svg&gt;&quot;,&quot;library&quot;:&quot;fa-solid&quot;}}\" data-widget_type=\"nav-menu.default\">\n\t\t\t\t<div class=\"elementor-widget-container\">\n\t\t\t\t\t\t\t\t<nav aria-label=\"Menu\" class=\"elementor-nav-menu--main elementor-nav-menu__container elementor-nav-menu--layout-horizontal e--pointer-none\">\n\t\t\t\t<ul id=\"menu-1-f139861\" class=\"elementor-nav-menu\"><li class=\"menu-item menu-item-type-custom menu-item-object-custom menu-item-has-children menu-item-478\"><a href=\"#\" class=\"elementor-item elementor-item-anchor\">Choose Destination<\/a>\n<ul class=\"sub-menu elementor-nav-menu--dropdown\">\n\t<li class=\"menu-item menu-item-type-post_type menu-item-object-page menu-item-485\"><a href=\"https:\/\/info.corendon.com.tr\/en\/antalya\/\" class=\"elementor-sub-item\">Antalya<\/a><\/li>\n\t<li class=\"menu-item menu-item-type-post_type menu-item-object-page menu-item-484\"><a href=\"https:\/\/info.corendon.com.tr\/en\/?page_id=404\" class=\"elementor-sub-item\">Alanya<\/a><\/li>\n\t<li class=\"menu-item menu-item-type-post_type menu-item-object-page menu-item-483\"><a href=\"https:\/\/info.corendon.com.tr\/en\/side\/\" class=\"elementor-sub-item\">Side<\/a><\/li>\n\t<li class=\"menu-item menu-item-type-post_type menu-item-object-page menu-item-482\"><a href=\"https:\/\/info.corendon.com.tr\/en\/kemer\/\" class=\"elementor-sub-item\">Kemer<\/a><\/li>\n\t<li class=\"menu-item menu-item-type-post_type menu-item-object-page menu-item-481\"><a href=\"https:\/\/info.corendon.com.tr\/en\/belek\/\" class=\"elementor-sub-item\">Belek<\/a><\/li>\n\t<li class=\"menu-item menu-item-type-post_type menu-item-object-page menu-item-480\"><a href=\"https:\/\/info.corendon.com.tr\/en\/marmaris\/\" class=\"elementor-sub-item\">Marmaris<\/a><\/li>\n\t<li class=\"menu-item menu-item-type-post_type menu-item-object-page menu-item-479\"><a href=\"https:\/\/info.corendon.com.tr\/en\/bodrum\/\" class=\"elementor-sub-item\">Bodrum<\/a><\/li>\n<\/ul>\n<\/li>\n<\/ul>\t\t\t<\/nav>\n\t\t\t\t\t\t<nav class=\"elementor-nav-menu--dropdown elementor-nav-menu__container\" aria-hidden=\"true\">\n\t\t\t\t<ul id=\"menu-2-f139861\" class=\"elementor-nav-menu\"><li class=\"menu-item menu-item-type-custom menu-item-object-custom menu-item-has-children menu-item-478\"><a href=\"#\" class=\"elementor-item elementor-item-anchor\" tabindex=\"-1\">Choose Destination<\/a>\n<ul class=\"sub-menu elementor-nav-menu--dropdown\">\n\t<li class=\"menu-item menu-item-type-post_type menu-item-object-page menu-item-485\"><a href=\"https:\/\/info.corendon.com.tr\/en\/antalya\/\" class=\"elementor-sub-item\" tabindex=\"-1\">Antalya<\/a><\/li>\n\t<li class=\"menu-item menu-item-type-post_type menu-item-object-page menu-item-484\"><a href=\"https:\/\/info.corendon.com.tr\/en\/?page_id=404\" class=\"elementor-sub-item\" tabindex=\"-1\">Alanya<\/a><\/li>\n\t<li class=\"menu-item menu-item-type-post_type menu-item-object-page menu-item-483\"><a href=\"https:\/\/info.corendon.com.tr\/en\/side\/\" class=\"elementor-sub-item\" tabindex=\"-1\">Side<\/a><\/li>\n\t<li class=\"menu-item menu-item-type-post_type menu-item-object-page menu-item-482\"><a href=\"https:\/\/info.corendon.com.tr\/en\/kemer\/\" class=\"elementor-sub-item\" tabindex=\"-1\">Kemer<\/a><\/li>\n\t<li class=\"menu-item menu-item-type-post_type menu-item-object-page menu-item-481\"><a href=\"https:\/\/info.corendon.com.tr\/en\/belek\/\" class=\"elementor-sub-item\" tabindex=\"-1\">Belek<\/a><\/li>\n\t<li class=\"menu-item menu-item-type-post_type menu-item-object-page menu-item-480\"><a href=\"https:\/\/info.corendon.com.tr\/en\/marmaris\/\" class=\"elementor-sub-item\" tabindex=\"-1\">Marmaris<\/a><\/li>\n\t<li class=\"menu-item menu-item-type-post_type menu-item-object-page menu-item-479\"><a href=\"https:\/\/info.corendon.com.tr\/en\/bodrum\/\" class=\"elementor-sub-item\" tabindex=\"-1\">Bodrum<\/a><\/li>\n<\/ul>\n<\/li>\n<\/ul>\t\t\t<\/nav>\n\t\t\t\t\t\t<\/div>\n\t\t\t\t<\/div>\n\t\t\t\t\t<\/div>\n\t\t\t\t<\/div>\n\t\t\t\t<section class=\"elementor-section elementor-top-section elementor-element elementor-element-3cc4fece elementor-reverse-mobile elementor-section-boxed elementor-section-height-default elementor-section-height-default\" data-id=\"3cc4fece\" data-element_type=\"section\">\n\t\t\t\t\t\t<div class=\"elementor-container elementor-column-gap-default\">\n\t\t\t\t\t<div class=\"elementor-column elementor-col-50 elementor-top-column elementor-element elementor-element-491187a\" data-id=\"491187a\" data-element_type=\"column\">\n\t\t\t<div class=\"elementor-widget-wrap elementor-element-populated\">\n\t\t\t\t\t\t<section class=\"elementor-section elementor-inner-section elementor-element elementor-element-510cd8a9 elementor-section-boxed elementor-section-height-default elementor-section-height-default\" data-id=\"510cd8a9\" data-element_type=\"section\">\n\t\t\t\t\t\t<div class=\"elementor-container elementor-column-gap-default\">\n\t\t\t\t\t<div class=\"elementor-column elementor-col-100 elementor-inner-column elementor-element elementor-element-53a6e195\" data-id=\"53a6e195\" data-element_type=\"column\">\n\t\t\t<div class=\"elementor-widget-wrap elementor-element-populated\">\n\t\t\t\t\t\t<div class=\"elementor-element elementor-element-5118d471 elementor-widget elementor-widget-heading\" data-id=\"5118d471\" data-element_type=\"widget\" data-widget_type=\"heading.default\">\n\t\t\t\t<div class=\"elementor-widget-container\">\n\t\t\t\t\t<h3 class=\"elementor-heading-title elementor-size-default\">Histoire<\/h3>\t\t\t\t<\/div>\n\t\t\t\t<\/div>\n\t\t\t\t<div class=\"elementor-element elementor-element-6fdab35b elementor-widget elementor-widget-text-editor\" data-id=\"6fdab35b\" data-element_type=\"widget\" data-widget_type=\"text-editor.default\">\n\t\t\t\t<div class=\"elementor-widget-container\">\n\t\t\t\t\t\t\t\t\t<div class=\"page\" title=\"Page 4\">\n<div class=\"layoutArea\">\n<div class=\"column\">\n<p>La longue histoire de la Turquie se caracte\u0301rise par une succession de civilisations et de religions depuis les temps les<br \/>\nplus recule\u0301s. Juste apre\u0300s la Seconde Guerre mondiale, des grottes situe\u0301es pre\u0300s d\u2019Antalya ont re\u0301ve\u0301le\u0301 les plus anciennes traces d\u2019habitation en Turquie. Des outils vieux de 100 000 ans ont e\u0301te\u0301 retrouve\u0301s. Vers 7 000 avant J.-C., une colonie est apparue pre\u0300s de Konya et est devenue la premie\u0300re ville au monde a\u0300 utiliser un syste\u0300me d\u2019irrigation et a\u0300 e\u0301lever du be\u0301tail : elle s\u2019appelait Catal Huyuk.<\/p>\n<p>A\u0300 l\u2019a\u0302ge de pierre et de bronze (5 000 &#8211; 3 000 av. J.-C.), les Hittites se sont installe\u0301s en Anatolie et y ont forme\u0301 la premie\u0300re grande civilisation. Ils ont consigne\u0301 leur langue en cune\u0301iforme pour la poste\u0301rite\u0301. Leurs objets en me\u0301tal et leurs e\u0301le\u0301gantes ce\u0301ramiques e\u0301taient d\u2019un niveau artistique particulie\u0300rement e\u0301leve\u0301.<\/p>\n<\/div>\n<\/div>\n<\/div>\n\t\t\t\t\t\t\t\t<\/div>\n\t\t\t\t<\/div>\n\t\t\t\t\t<\/div>\n\t\t<\/div>\n\t\t\t\t\t<\/div>\n\t\t<\/section>\n\t\t\t\t\t<\/div>\n\t\t<\/div>\n\t\t\t\t<div class=\"elementor-column elementor-col-50 elementor-top-column elementor-element elementor-element-c8ca56f\" data-id=\"c8ca56f\" data-element_type=\"column\">\n\t\t\t<div class=\"elementor-widget-wrap elementor-element-populated\">\n\t\t\t\t\t\t<section class=\"elementor-section elementor-inner-section elementor-element elementor-element-69ba30e elementor-section-boxed elementor-section-height-default elementor-section-height-default\" data-id=\"69ba30e\" data-element_type=\"section\">\n\t\t\t\t\t\t<div class=\"elementor-container elementor-column-gap-default\">\n\t\t\t\t\t<div class=\"elementor-column elementor-col-100 elementor-inner-column elementor-element elementor-element-4ebb1909\" data-id=\"4ebb1909\" data-element_type=\"column\">\n\t\t\t<div class=\"elementor-widget-wrap elementor-element-populated\">\n\t\t\t\t\t\t<div class=\"elementor-element elementor-element-1379ce3d elementor-widget elementor-widget-image\" data-id=\"1379ce3d\" data-element_type=\"widget\" data-widget_type=\"image.default\">\n\t\t\t\t<div class=\"elementor-widget-container\">\n\t\t\t\t\t\t\t\t\t\t\t\t\t\t\t<img fetchpriority=\"high\" decoding=\"async\" width=\"2000\" height=\"1326\" src=\"https:\/\/info.corendon.com.tr\/wp-content\/uploads\/2024\/04\/unesco.jpg\" class=\"attachment-full size-full wp-image-1898\" alt=\"\" srcset=\"https:\/\/info.corendon.com.tr\/wp-content\/uploads\/2024\/04\/unesco.jpg 2000w, https:\/\/info.corendon.com.tr\/wp-content\/uploads\/2024\/04\/unesco-300x199.jpg 300w, https:\/\/info.corendon.com.tr\/wp-content\/uploads\/2024\/04\/unesco-1024x679.jpg 1024w, https:\/\/info.corendon.com.tr\/wp-content\/uploads\/2024\/04\/unesco-768x509.jpg 768w, https:\/\/info.corendon.com.tr\/wp-content\/uploads\/2024\/04\/unesco-1536x1018.jpg 1536w, https:\/\/info.corendon.com.tr\/wp-content\/uploads\/2024\/04\/unesco-1568x1040.jpg 1568w\" sizes=\"(max-width: 2000px) 100vw, 2000px\" \/>\t\t\t\t\t\t\t\t\t\t\t\t\t\t\t<\/div>\n\t\t\t\t<\/div>\n\t\t\t\t\t<\/div>\n\t\t<\/div>\n\t\t\t\t\t<\/div>\n\t\t<\/section>\n\t\t\t\t\t<\/div>\n\t\t<\/div>\n\t\t\t\t\t<\/div>\n\t\t<\/section>\n\t\t\t\t<section class=\"elementor-section elementor-top-section elementor-element elementor-element-7e5696b4 elementor-section-boxed elementor-section-height-default elementor-section-height-default\" data-id=\"7e5696b4\" data-element_type=\"section\">\n\t\t\t\t\t\t<div class=\"elementor-container elementor-column-gap-default\">\n\t\t\t\t\t<div class=\"elementor-column elementor-col-50 elementor-top-column elementor-element elementor-element-42bc207d\" data-id=\"42bc207d\" data-element_type=\"column\">\n\t\t\t<div class=\"elementor-widget-wrap elementor-element-populated\">\n\t\t\t\t\t\t<section class=\"elementor-section elementor-inner-section elementor-element elementor-element-2e14680a elementor-section-boxed elementor-section-height-default elementor-section-height-default\" data-id=\"2e14680a\" data-element_type=\"section\">\n\t\t\t\t\t\t<div class=\"elementor-container elementor-column-gap-default\">\n\t\t\t\t\t<div class=\"elementor-column elementor-col-100 elementor-inner-column elementor-element elementor-element-789ed3e6\" data-id=\"789ed3e6\" data-element_type=\"column\">\n\t\t\t<div class=\"elementor-widget-wrap elementor-element-populated\">\n\t\t\t\t\t\t<div class=\"elementor-element elementor-element-a88a493 elementor-widget elementor-widget-image\" data-id=\"a88a493\" data-element_type=\"widget\" data-widget_type=\"image.default\">\n\t\t\t\t<div class=\"elementor-widget-container\">\n\t\t\t\t\t\t\t\t\t\t\t\t\t\t\t<img decoding=\"async\" width=\"2000\" height=\"1326\" src=\"https:\/\/info.corendon.com.tr\/wp-content\/uploads\/2024\/04\/unesco-7.png\" class=\"attachment-full size-full wp-image-1896\" alt=\"\" srcset=\"https:\/\/info.corendon.com.tr\/wp-content\/uploads\/2024\/04\/unesco-7.png 2000w, https:\/\/info.corendon.com.tr\/wp-content\/uploads\/2024\/04\/unesco-7-300x199.png 300w, https:\/\/info.corendon.com.tr\/wp-content\/uploads\/2024\/04\/unesco-7-1024x679.png 1024w, https:\/\/info.corendon.com.tr\/wp-content\/uploads\/2024\/04\/unesco-7-768x509.png 768w, https:\/\/info.corendon.com.tr\/wp-content\/uploads\/2024\/04\/unesco-7-1536x1018.png 1536w, https:\/\/info.corendon.com.tr\/wp-content\/uploads\/2024\/04\/unesco-7-1568x1040.png 1568w\" sizes=\"(max-width: 2000px) 100vw, 2000px\" \/>\t\t\t\t\t\t\t\t\t\t\t\t\t\t\t<\/div>\n\t\t\t\t<\/div>\n\t\t\t\t\t<\/div>\n\t\t<\/div>\n\t\t\t\t\t<\/div>\n\t\t<\/section>\n\t\t\t\t\t<\/div>\n\t\t<\/div>\n\t\t\t\t<div class=\"elementor-column elementor-col-50 elementor-top-column elementor-element elementor-element-1ab98131\" data-id=\"1ab98131\" data-element_type=\"column\">\n\t\t\t<div class=\"elementor-widget-wrap elementor-element-populated\">\n\t\t\t\t\t\t<section class=\"elementor-section elementor-inner-section elementor-element elementor-element-5273cfe1 elementor-section-boxed elementor-section-height-default elementor-section-height-default\" data-id=\"5273cfe1\" data-element_type=\"section\">\n\t\t\t\t\t\t<div class=\"elementor-container elementor-column-gap-default\">\n\t\t\t\t\t<div class=\"elementor-column elementor-col-100 elementor-inner-column elementor-element elementor-element-437b7966\" data-id=\"437b7966\" data-element_type=\"column\">\n\t\t\t<div class=\"elementor-widget-wrap elementor-element-populated\">\n\t\t\t\t\t\t<div class=\"elementor-element elementor-element-12a743b5 elementor-widget elementor-widget-text-editor\" data-id=\"12a743b5\" data-element_type=\"widget\" data-widget_type=\"text-editor.default\">\n\t\t\t\t<div class=\"elementor-widget-container\">\n\t\t\t\t\t\t\t\t\t<div class=\"page\" title=\"Page 4\">\n<div class=\"layoutArea\">\n<div class=\"column\">\n<p>Vers 700 avant J.-C., plusieurs tribus fonde\u0300rent un empire en Asie Mineure : les Lydiens, les Lyciens et les Cariens. Ces civilisations e\u0301taient e\u0301troitement lie\u0301es aux civilisations grecques.<\/p>\n<p>Au milieu du VIe sie\u0300cle avant J.-C., les Perses envahirent toute l\u2019Asie mineure. L\u2019arrive\u0301e d\u2019Alexandre le Grand en 334 avant J.-C. mit fin a\u0300 la domination perse. Alexandre parvint a\u0300 progresser jusqu\u2019en Inde en peu de temps, mais a\u0300 sa mort, en 323 avant J.- C., son empire se de\u0301sinte\u0301gra.<\/p>\n<p>Alexandre le Grand a marque\u0301 le de\u0301but de la pe\u0301riode helle\u0301nistique : une e\u0301poque tre\u0300s importante sur le plan culturel, au cours de laquelle les cultures occidentales<br \/>\net orientales se sont me\u0302le\u0301es. Une grande activite\u0301 de construction re\u0301gnait, sur laquelle les cultures ulte\u0301rieures<br \/>\nse sont de\u0301veloppe\u0301es. Vers 300 avant J.-C., Pergame (Bergama) devint le centre le plus important, tant sur le plan politique que culturel.<\/p>\n<p>A\u0300 la mort du dernier roi de Pergame, en 133 avant J.-C., les Romains he\u0301rite\u0300rent de l\u2019Anatolie. Elle devint une province romaine dont la capitale e\u0301tait Ephesos. L\u2019arrive\u0301e des Romains marqua le de\u0301but d\u2019une pe\u0301riode de paix et de prospe\u0301rite\u0301. De nombreuses ruines de grands ba\u0302timents richement de\u0301core\u0301s te\u0301moignent de cette grande prospe\u0301rite\u0301.<\/p>\n<\/div>\n<\/div>\n<\/div>\n\t\t\t\t\t\t\t\t<\/div>\n\t\t\t\t<\/div>\n\t\t\t\t\t<\/div>\n\t\t<\/div>\n\t\t\t\t\t<\/div>\n\t\t<\/section>\n\t\t\t\t\t<\/div>\n\t\t<\/div>\n\t\t\t\t\t<\/div>\n\t\t<\/section>\n\t\t\t\t<section class=\"elementor-section elementor-top-section elementor-element elementor-element-59c4484b elementor-reverse-mobile elementor-section-boxed elementor-section-height-default elementor-section-height-default\" data-id=\"59c4484b\" data-element_type=\"section\">\n\t\t\t\t\t\t<div class=\"elementor-container elementor-column-gap-default\">\n\t\t\t\t\t<div class=\"elementor-column elementor-col-50 elementor-top-column elementor-element elementor-element-5b357e84\" data-id=\"5b357e84\" data-element_type=\"column\">\n\t\t\t<div class=\"elementor-widget-wrap elementor-element-populated\">\n\t\t\t\t\t\t<section class=\"elementor-section elementor-inner-section elementor-element elementor-element-2c8e6887 elementor-section-boxed elementor-section-height-default elementor-section-height-default\" data-id=\"2c8e6887\" data-element_type=\"section\">\n\t\t\t\t\t\t<div class=\"elementor-container elementor-column-gap-default\">\n\t\t\t\t\t<div class=\"elementor-column elementor-col-100 elementor-inner-column elementor-element elementor-element-63275f3c\" data-id=\"63275f3c\" data-element_type=\"column\">\n\t\t\t<div class=\"elementor-widget-wrap elementor-element-populated\">\n\t\t\t\t\t\t<div class=\"elementor-element elementor-element-47e11098 elementor-widget elementor-widget-text-editor\" data-id=\"47e11098\" data-element_type=\"widget\" data-widget_type=\"text-editor.default\">\n\t\t\t\t<div class=\"elementor-widget-container\">\n\t\t\t\t\t\t\t\t\t<div class=\"page\" title=\"Page 4\">\n<div class=\"layoutArea\">\n<div class=\"column\">\n<p>L\u2019Empire ottoman qui se d\u00e9veloppa par la suite \u00e9tendit consid\u00e9rablement son territoire. Il devint l\u2019empire le plus puissant du monde occidental, s\u2019\u00e9tendant de la Tunisie \u00e0 Vienne, de l\u2019Espagne \u00e0 l\u2019Irak. Les b\u00e2timents de cette \u00e9poque refl\u00e8tent la grande richesse. Un bon syst\u00e8me de gouvernement permit \u00e0 l\u2019empire de rester unifi\u00e9. La mort de Suleyman II marqua le tournant de l\u2019Empire ottoman : la corruption et des dirigeants moins talentueux ont lentement effrit\u00e9 le pouvoir de l\u2019Empire ottoman.<\/p>\n<\/div>\n<\/div>\n<\/div>\n\t\t\t\t\t\t\t\t<\/div>\n\t\t\t\t<\/div>\n\t\t\t\t\t<\/div>\n\t\t<\/div>\n\t\t\t\t\t<\/div>\n\t\t<\/section>\n\t\t\t\t\t<\/div>\n\t\t<\/div>\n\t\t\t\t<div class=\"elementor-column elementor-col-50 elementor-top-column elementor-element elementor-element-bf6277\" data-id=\"bf6277\" data-element_type=\"column\">\n\t\t\t<div class=\"elementor-widget-wrap elementor-element-populated\">\n\t\t\t\t\t\t<section class=\"elementor-section elementor-inner-section elementor-element elementor-element-71413da6 elementor-section-boxed elementor-section-height-default elementor-section-height-default\" data-id=\"71413da6\" data-element_type=\"section\">\n\t\t\t\t\t\t<div class=\"elementor-container elementor-column-gap-default\">\n\t\t\t\t\t<div class=\"elementor-column elementor-col-100 elementor-inner-column elementor-element elementor-element-67a24415\" data-id=\"67a24415\" data-element_type=\"column\">\n\t\t\t<div class=\"elementor-widget-wrap elementor-element-populated\">\n\t\t\t\t\t\t<div class=\"elementor-element elementor-element-49309d69 elementor-widget elementor-widget-image\" data-id=\"49309d69\" data-element_type=\"widget\" data-widget_type=\"image.default\">\n\t\t\t\t<div class=\"elementor-widget-container\">\n\t\t\t\t\t\t\t\t\t\t\t\t\t\t\t<img decoding=\"async\" width=\"2000\" height=\"1326\" src=\"https:\/\/info.corendon.com.tr\/wp-content\/uploads\/2024\/04\/unesco-8.png\" class=\"attachment-full size-full wp-image-1897\" alt=\"\" srcset=\"https:\/\/info.corendon.com.tr\/wp-content\/uploads\/2024\/04\/unesco-8.png 2000w, https:\/\/info.corendon.com.tr\/wp-content\/uploads\/2024\/04\/unesco-8-300x199.png 300w, https:\/\/info.corendon.com.tr\/wp-content\/uploads\/2024\/04\/unesco-8-1024x679.png 1024w, https:\/\/info.corendon.com.tr\/wp-content\/uploads\/2024\/04\/unesco-8-768x509.png 768w, https:\/\/info.corendon.com.tr\/wp-content\/uploads\/2024\/04\/unesco-8-1536x1018.png 1536w, https:\/\/info.corendon.com.tr\/wp-content\/uploads\/2024\/04\/unesco-8-1568x1040.png 1568w\" sizes=\"(max-width: 2000px) 100vw, 2000px\" \/>\t\t\t\t\t\t\t\t\t\t\t\t\t\t\t<\/div>\n\t\t\t\t<\/div>\n\t\t\t\t\t<\/div>\n\t\t<\/div>\n\t\t\t\t\t<\/div>\n\t\t<\/section>\n\t\t\t\t\t<\/div>\n\t\t<\/div>\n\t\t\t\t\t<\/div>\n\t\t<\/section>\n\t\t\t\t<section class=\"elementor-section elementor-top-section elementor-element elementor-element-9fc594e elementor-section-boxed elementor-section-height-default elementor-section-height-default\" data-id=\"9fc594e\" data-element_type=\"section\">\n\t\t\t\t\t\t<div class=\"elementor-container elementor-column-gap-default\">\n\t\t\t\t\t<div class=\"elementor-column elementor-col-100 elementor-top-column elementor-element elementor-element-e2e3039\" data-id=\"e2e3039\" data-element_type=\"column\">\n\t\t\t<div class=\"elementor-widget-wrap elementor-element-populated\">\n\t\t\t\t\t\t<section class=\"elementor-section elementor-inner-section elementor-element elementor-element-c3db855 elementor-section-boxed elementor-section-height-default elementor-section-height-default\" data-id=\"c3db855\" data-element_type=\"section\">\n\t\t\t\t\t\t<div class=\"elementor-container elementor-column-gap-default\">\n\t\t\t\t\t<div class=\"elementor-column elementor-col-100 elementor-inner-column elementor-element elementor-element-5f31b2f\" data-id=\"5f31b2f\" data-element_type=\"column\">\n\t\t\t<div class=\"elementor-widget-wrap elementor-element-populated\">\n\t\t\t\t\t\t<div class=\"elementor-element elementor-element-c57314b elementor-widget elementor-widget-text-editor\" data-id=\"c57314b\" data-element_type=\"widget\" data-widget_type=\"text-editor.default\">\n\t\t\t\t<div class=\"elementor-widget-container\">\n\t\t\t\t\t\t\t\t\t<div class=\"page\" title=\"Page 5\">\n<div class=\"layoutArea\">\n<div class=\"column\">\n<p>Cette de\u0301ception suscita un fort sentiment nationaliste. La re\u0301sistance aux occupants est mene\u0301e par le ge\u0301ne\u0301ral Mustafa Kemal Pasa, plus tard connu sous le nom d\u2019Atatu\u0308rk (e\u0301pithe\u0300te : pe\u0300re des Turcs). En 1922, les Grecs furent vaincus. En 1923, les nouvelles frontie\u0300res sont e\u0301tablies lors de la confe\u0301rence de paix de Lausanne. Le 29 octobre 1923, la Re\u0301publique turque fut proclame\u0301e, avec Ataturk comme pre\u0301sident. Imme\u0301diatement, de nombreuses re\u0301formes furent introduites pour rapprocher le pays et son peuple du monde.<\/p>\n<div class=\"page\" title=\"Page 5\">\n<div class=\"layoutArea\">\n<div class=\"column\">\n<p>La se\u0301paration de l\u2019E\u0301tat et de la religion fut une re\u0301forme particulie\u0300rement importante. L\u2019islam n\u2019est plus la religion d\u2019E\u0301tat, le turban et le voile disparaissent, tout comme le fait de se marier avec plus d\u2019une femme. En outre, l\u2019alphabet arabe est remplace\u0301 par l\u2019alphabet latin. Kemal Ataturk de\u0301ce\u0301da en 1938 a\u0300 l\u2019a\u0302ge de 57 ans<\/p>\n<\/div>\n<\/div>\n<\/div>\n<\/div>\n<\/div>\n<\/div>\n\t\t\t\t\t\t\t\t<\/div>\n\t\t\t\t<\/div>\n\t\t\t\t\t<\/div>\n\t\t<\/div>\n\t\t\t\t\t<\/div>\n\t\t<\/section>\n\t\t\t\t\t<\/div>\n\t\t<\/div>\n\t\t\t\t\t<\/div>\n\t\t<\/section>\n\t\t\t\t<\/div>\n\t\t","protected":false},"excerpt":{"rendered":"<p>Histoire La longue histoire de la Turquie se caracte\u0301rise par une succession de civilisations et de religions depuis les temps les plus recule\u0301s. Juste apre\u0300s la Seconde Guerre mondiale, des grottes situe\u0301es pre\u0300s d\u2019Antalya ont re\u0301ve\u0301le\u0301 les plus anciennes traces d\u2019habitation en Turquie. Des outils vieux de 100 000 ans ont e\u0301te\u0301 retrouve\u0301s. Vers 7 [&hellip;]<\/p>\n","protected":false},"author":1,"featured_media":0,"parent":0,"menu_order":0,"comment_status":"closed","ping_status":"closed","template":"elementor_header_footer","meta":{"footnotes":""},"class_list":["post-1894","page","type-page","status-publish","hentry"],"_links":{"self":[{"href":"https:\/\/info.corendon.com.tr\/fr\/wp-json\/wp\/v2\/pages\/1894","targetHints":{"allow":["GET"]}}],"collection":[{"href":"https:\/\/info.corendon.com.tr\/fr\/wp-json\/wp\/v2\/pages"}],"about":[{"href":"https:\/\/info.corendon.com.tr\/fr\/wp-json\/wp\/v2\/types\/page"}],"author":[{"embeddable":true,"href":"https:\/\/info.corendon.com.tr\/fr\/wp-json\/wp\/v2\/users\/1"}],"replies":[{"embeddable":true,"href":"https:\/\/info.corendon.com.tr\/fr\/wp-json\/wp\/v2\/comments?post=1894"}],"version-history":[{"count":1,"href":"https:\/\/info.corendon.com.tr\/fr\/wp-json\/wp\/v2\/pages\/1894\/revisions"}],"predecessor-version":[{"id":1899,"href":"https:\/\/info.corendon.com.tr\/fr\/wp-json\/wp\/v2\/pages\/1894\/revisions\/1899"}],"wp:attachment":[{"href":"https:\/\/info.corendon.com.tr\/fr\/wp-json\/wp\/v2\/media?parent=1894"}],"curies":[{"name":"wp","href":"https:\/\/api.w.org\/{rel}","templated":true}]}}