{"id":2208,"date":"2024-05-01T16:09:14","date_gmt":"2024-05-01T13:09:14","guid":{"rendered":"https:\/\/info.corendon.com.tr\/baeredygtig-ferie\/"},"modified":"2025-08-13T16:14:16","modified_gmt":"2025-08-13T13:14:16","slug":"baeredygtig-ferie","status":"publish","type":"page","link":"https:\/\/info.corendon.com.tr\/da\/baeredygtig-ferie\/","title":{"rendered":"B\u00e6redygtig ferie"},"content":{"rendered":"\t\t<div data-elementor-type=\"wp-page\" data-elementor-id=\"2208\" class=\"elementor elementor-2208 elementor-773\" data-elementor-post-type=\"page\">\n\t\t\t\t<div class=\"elementor-element elementor-element-4fc135b e-flex e-con-boxed e-con e-parent\" data-id=\"4fc135b\" data-element_type=\"container\">\n\t\t\t\t\t<div class=\"e-con-inner\">\n\t\t\t\t<div class=\"elementor-element elementor-element-d0e4b75 elementor-nav-menu__align-center elementor-nav-menu--dropdown-none elementor-widget elementor-widget-nav-menu\" data-id=\"d0e4b75\" data-element_type=\"widget\" data-settings=\"{&quot;layout&quot;:&quot;horizontal&quot;,&quot;submenu_icon&quot;:{&quot;value&quot;:&quot;&lt;svg aria-hidden=\\&quot;true\\&quot; class=\\&quot;e-font-icon-svg e-fas-caret-down\\&quot; viewBox=\\&quot;0 0 320 512\\&quot; xmlns=\\&quot;http:\\\/\\\/www.w3.org\\\/2000\\\/svg\\&quot;&gt;&lt;path d=\\&quot;M31.3 192h257.3c17.8 0 26.7 21.5 14.1 34.1L174.1 354.8c-7.8 7.8-20.5 7.8-28.3 0L17.2 226.1C4.6 213.5 13.5 192 31.3 192z\\&quot;&gt;&lt;\\\/path&gt;&lt;\\\/svg&gt;&quot;,&quot;library&quot;:&quot;fa-solid&quot;}}\" data-widget_type=\"nav-menu.default\">\n\t\t\t\t<div class=\"elementor-widget-container\">\n\t\t\t\t\t\t\t\t<nav aria-label=\"Menu\" class=\"elementor-nav-menu--main elementor-nav-menu__container elementor-nav-menu--layout-horizontal e--pointer-none\">\n\t\t\t\t<ul id=\"menu-1-d0e4b75\" class=\"elementor-nav-menu\"><li class=\"menu-item menu-item-type-custom menu-item-object-custom menu-item-has-children menu-item-478\"><a href=\"#\" class=\"elementor-item elementor-item-anchor\">Choose Destination<\/a>\n<ul class=\"sub-menu elementor-nav-menu--dropdown\">\n\t<li class=\"menu-item menu-item-type-post_type menu-item-object-page menu-item-485\"><a href=\"https:\/\/info.corendon.com.tr\/en\/antalya\/\" class=\"elementor-sub-item\">Antalya<\/a><\/li>\n\t<li class=\"menu-item menu-item-type-post_type menu-item-object-page menu-item-484\"><a href=\"https:\/\/info.corendon.com.tr\/en\/?page_id=404\" class=\"elementor-sub-item\">Alanya<\/a><\/li>\n\t<li class=\"menu-item menu-item-type-post_type menu-item-object-page menu-item-483\"><a href=\"https:\/\/info.corendon.com.tr\/en\/side\/\" class=\"elementor-sub-item\">Side<\/a><\/li>\n\t<li class=\"menu-item menu-item-type-post_type menu-item-object-page menu-item-482\"><a href=\"https:\/\/info.corendon.com.tr\/en\/kemer\/\" class=\"elementor-sub-item\">Kemer<\/a><\/li>\n\t<li class=\"menu-item menu-item-type-post_type menu-item-object-page menu-item-481\"><a href=\"https:\/\/info.corendon.com.tr\/en\/belek\/\" class=\"elementor-sub-item\">Belek<\/a><\/li>\n<\/ul>\n<\/li>\n<\/ul>\t\t\t<\/nav>\n\t\t\t\t\t\t<nav class=\"elementor-nav-menu--dropdown elementor-nav-menu__container\" aria-hidden=\"true\">\n\t\t\t\t<ul id=\"menu-2-d0e4b75\" class=\"elementor-nav-menu\"><li class=\"menu-item menu-item-type-custom menu-item-object-custom menu-item-has-children menu-item-478\"><a href=\"#\" class=\"elementor-item elementor-item-anchor\" tabindex=\"-1\">Choose Destination<\/a>\n<ul class=\"sub-menu elementor-nav-menu--dropdown\">\n\t<li class=\"menu-item menu-item-type-post_type menu-item-object-page menu-item-485\"><a href=\"https:\/\/info.corendon.com.tr\/en\/antalya\/\" class=\"elementor-sub-item\" tabindex=\"-1\">Antalya<\/a><\/li>\n\t<li class=\"menu-item menu-item-type-post_type menu-item-object-page menu-item-484\"><a href=\"https:\/\/info.corendon.com.tr\/en\/?page_id=404\" class=\"elementor-sub-item\" tabindex=\"-1\">Alanya<\/a><\/li>\n\t<li class=\"menu-item menu-item-type-post_type menu-item-object-page menu-item-483\"><a href=\"https:\/\/info.corendon.com.tr\/en\/side\/\" class=\"elementor-sub-item\" tabindex=\"-1\">Side<\/a><\/li>\n\t<li class=\"menu-item menu-item-type-post_type menu-item-object-page menu-item-482\"><a href=\"https:\/\/info.corendon.com.tr\/en\/kemer\/\" class=\"elementor-sub-item\" tabindex=\"-1\">Kemer<\/a><\/li>\n\t<li class=\"menu-item menu-item-type-post_type menu-item-object-page menu-item-481\"><a href=\"https:\/\/info.corendon.com.tr\/en\/belek\/\" class=\"elementor-sub-item\" tabindex=\"-1\">Belek<\/a><\/li>\n<\/ul>\n<\/li>\n<\/ul>\t\t\t<\/nav>\n\t\t\t\t\t\t<\/div>\n\t\t\t\t<\/div>\n\t\t\t\t\t<\/div>\n\t\t\t\t<\/div>\n\t\t\t\t<section class=\"elementor-section elementor-top-section elementor-element elementor-element-0558045 elementor-section-boxed elementor-section-height-default elementor-section-height-default\" data-id=\"0558045\" data-element_type=\"section\">\n\t\t\t\t\t\t<div class=\"elementor-container elementor-column-gap-default\">\n\t\t\t\t\t<div class=\"elementor-column elementor-col-100 elementor-top-column elementor-element elementor-element-9d4ca73\" data-id=\"9d4ca73\" data-element_type=\"column\">\n\t\t\t<div class=\"elementor-widget-wrap elementor-element-populated\">\n\t\t\t\t\t\t<div class=\"elementor-element elementor-element-79eee1c elementor-widget elementor-widget-heading\" data-id=\"79eee1c\" data-element_type=\"widget\" data-widget_type=\"heading.default\">\n\t\t\t\t<div class=\"elementor-widget-container\">\n\t\t\t\t\t<h1 class=\"elementor-heading-title elementor-size-default\">Vejen til en mere b\u00e6redygtig ferie<\/h1>\t\t\t\t<\/div>\n\t\t\t\t<\/div>\n\t\t\t\t\t<\/div>\n\t\t<\/div>\n\t\t\t\t\t<\/div>\n\t\t<\/section>\n\t\t\t\t<section class=\"elementor-section elementor-top-section elementor-element elementor-element-de2b47a elementor-section-boxed elementor-section-height-default elementor-section-height-default\" data-id=\"de2b47a\" data-element_type=\"section\">\n\t\t\t\t\t\t<div class=\"elementor-container elementor-column-gap-default\">\n\t\t\t\t\t<div class=\"elementor-column elementor-col-100 elementor-top-column elementor-element elementor-element-3812212\" data-id=\"3812212\" data-element_type=\"column\">\n\t\t\t<div class=\"elementor-widget-wrap elementor-element-populated\">\n\t\t\t\t\t\t<div class=\"elementor-element elementor-element-8499e6c elementor-widget elementor-widget-text-editor\" data-id=\"8499e6c\" data-element_type=\"widget\" data-widget_type=\"text-editor.default\">\n\t\t\t\t<div class=\"elementor-widget-container\">\n\t\t\t\t\t\t\t\t\t<p>Vi ved, at rejsebranchen s\u00e6tter sine aftryk p\u00e5 vores klima og p\u00e5 vores rejsem\u00e5l. Derfor er det afg\u00f8rende for os at tage aktiv del i kampen mod disse p\u00e5virkninger. Vores rejser sammens\u00e6ttes med respekt for milj\u00f8et samt for naturen og kulturen p\u00e5 vores rejsem\u00e5l, og sammen med vores samarbejdspartnere indg\u00e5r vi i en f\u00e6lles forpligtelse til at forhindre eller minimere de negative p\u00e5virkninger, som vores rejser kan have p\u00e5 rejsem\u00e5let. Vi tror p\u00e5, at bedre valg giver bedre ferier.<\/p><p>\u00a0<\/p><h5>Bidrag til en b\u00e6redygtig rejse<\/h5><p><br \/>Hvis du er nysgerrig p\u00e5, hvordan du kan bidrage til en mere b\u00e6redygtig rejse, s\u00e5 har vi her samlet nogle tips.<\/p><ul><li><strong>T\u00e6nk over dit forbrug af el og vand<\/strong><br \/>Nogle af de solrige rejsem\u00e5l kan i perioder lide under vandmangel i h\u00f8js\u00e6sonen, s\u00e5 spar p\u00e5 vandet, n\u00e5r du g\u00e5r i bad. Mange steder slukkes lys og aircondition, n\u00e5r du tager dit n\u00f8glekort ud af holderen. Hvis det ikke er tilf\u00e6ldet for dit hotel, s\u00e5 husk at v\u00e6re opm\u00e6rksom p\u00e5, at du f\u00e5r slukket det hele, hver gang du forlader dit v\u00e6relse.<\/li><li><strong>V\u00e6lg dine udflugter med omhu<\/strong><br \/>Hvis du tager p\u00e5 en udflugt, hvor der p\u00e5 den ene eller anden indg\u00e5r dyr, b\u00f8r du sikre dig, at dyrene lever i deres naturlige milj\u00f8, og at de ikke forstyrres. Det kan fx g\u00f8res ved at v\u00e6lge at snorkle\/dykke langs kysten frem for at bes\u00f8ge et akvarium.<\/li><li><strong>Smid dit affald i skraldespanden, og ryd altid op efter dig<\/strong><br \/>Mange hoteller har affaldssortering, og for at det fungerer, er de selvf\u00f8lgelig afh\u00e6ngige af, at g\u00e6sterne husker at sortere deres affald. Efterlad aldrig affald p\u00e5 stranden eller andre steder, du bes\u00f8ger i l\u00f8bet af ferien.<\/li><li><strong>Tag bussen i stedet for en taxa<\/strong><br \/>Busforbindelserne er gode i de fleste feriebyer, og s\u00e5 er de tilmed billige. N\u00e5r du tager bussen, udledes mindre CO2 pr. person end ved individuel transport.<\/li><li><strong>K\u00f8b souvenirs med omtanke<\/strong><br \/>V\u00e6r opm\u00e6rksom, n\u00e5r du k\u00f8ber souvenirs p\u00e5 dit rejsem\u00e5l, s\u00e6rligt n\u00e5r det g\u00e6lder planter, animalske produkter og koraller. Selvom produkterne muligvis er lovlige at s\u00e6lge p\u00e5 rejsem\u00e5let, s\u00e5 er det langt fra sikkert, at de er lovlige at indf\u00f8re i Danmark. Det er dit eget ansvar at have kendskab til reglerne for, hvad du m\u00e5 tage med dig hjem.<\/li><li><strong>Undg\u00e5 kontakt med herrel\u00f8se dyr<\/strong><br \/>Det er ikke us\u00e6dvanligt at st\u00f8de p\u00e5 herrel\u00f8se hunde og katte p\u00e5 rejsem\u00e5let. De lokale myndigheder og private fonde p\u00e5 rejsem\u00e5let arbejder p\u00e5 at hj\u00e6lpe dyrene bedst muligt. Vi anbefaler, at du undlader at fodre og k\u00e6le med disse dyr.<\/li><\/ul>\t\t\t\t\t\t\t\t<\/div>\n\t\t\t\t<\/div>\n\t\t\t\t\t<\/div>\n\t\t<\/div>\n\t\t\t\t\t<\/div>\n\t\t<\/section>\n\t\t\t\t<\/div>\n\t\t","protected":false},"excerpt":{"rendered":"<p>Vejen til en mere b\u00e6redygtig ferie Vi ved, at rejsebranchen s\u00e6tter sine aftryk p\u00e5 vores klima og p\u00e5 vores rejsem\u00e5l. Derfor er det afg\u00f8rende for os at tage aktiv del i kampen mod disse p\u00e5virkninger. Vores rejser sammens\u00e6ttes med respekt for milj\u00f8et samt for naturen og kulturen p\u00e5 vores rejsem\u00e5l, og sammen med vores samarbejdspartnere [&hellip;]<\/p>\n","protected":false},"author":1,"featured_media":0,"parent":0,"menu_order":0,"comment_status":"closed","ping_status":"closed","template":"elementor_header_footer","meta":{"footnotes":""},"class_list":["post-2208","page","type-page","status-publish","hentry"],"_links":{"self":[{"href":"https:\/\/info.corendon.com.tr\/da\/wp-json\/wp\/v2\/pages\/2208","targetHints":{"allow":["GET"]}}],"collection":[{"href":"https:\/\/info.corendon.com.tr\/da\/wp-json\/wp\/v2\/pages"}],"about":[{"href":"https:\/\/info.corendon.com.tr\/da\/wp-json\/wp\/v2\/types\/page"}],"author":[{"embeddable":true,"href":"https:\/\/info.corendon.com.tr\/da\/wp-json\/wp\/v2\/users\/1"}],"replies":[{"embeddable":true,"href":"https:\/\/info.corendon.com.tr\/da\/wp-json\/wp\/v2\/comments?post=2208"}],"version-history":[{"count":4,"href":"https:\/\/info.corendon.com.tr\/da\/wp-json\/wp\/v2\/pages\/2208\/revisions"}],"predecessor-version":[{"id":8023,"href":"https:\/\/info.corendon.com.tr\/da\/wp-json\/wp\/v2\/pages\/2208\/revisions\/8023"}],"wp:attachment":[{"href":"https:\/\/info.corendon.com.tr\/da\/wp-json\/wp\/v2\/media?parent=2208"}],"curies":[{"name":"wp","href":"https:\/\/api.w.org\/{rel}","templated":true}]}}