{"id":2196,"date":"2024-04-19T18:26:31","date_gmt":"2024-04-19T15:26:31","guid":{"rendered":"https:\/\/info.corendon.com.tr\/kemer\/"},"modified":"2024-05-28T21:44:00","modified_gmt":"2024-05-28T18:44:00","slug":"kemer","status":"publish","type":"page","link":"https:\/\/info.corendon.com.tr\/da\/kemer\/","title":{"rendered":"Kemer"},"content":{"rendered":"\t\t<div data-elementor-type=\"wp-page\" data-elementor-id=\"2196\" class=\"elementor elementor-2196 elementor-684\" data-elementor-post-type=\"page\">\n\t\t\t\t<div class=\"elementor-element elementor-element-40acb6e e-flex e-con-boxed e-con e-parent\" data-id=\"40acb6e\" data-element_type=\"container\">\n\t\t\t\t\t<div class=\"e-con-inner\">\n\t\t\t\t<div class=\"elementor-element elementor-element-bbc2c9e elementor-nav-menu__align-center elementor-nav-menu--dropdown-none elementor-widget elementor-widget-nav-menu\" data-id=\"bbc2c9e\" data-element_type=\"widget\" data-settings=\"{&quot;layout&quot;:&quot;horizontal&quot;,&quot;submenu_icon&quot;:{&quot;value&quot;:&quot;&lt;svg aria-hidden=\\&quot;true\\&quot; class=\\&quot;e-font-icon-svg e-fas-caret-down\\&quot; viewBox=\\&quot;0 0 320 512\\&quot; xmlns=\\&quot;http:\\\/\\\/www.w3.org\\\/2000\\\/svg\\&quot;&gt;&lt;path d=\\&quot;M31.3 192h257.3c17.8 0 26.7 21.5 14.1 34.1L174.1 354.8c-7.8 7.8-20.5 7.8-28.3 0L17.2 226.1C4.6 213.5 13.5 192 31.3 192z\\&quot;&gt;&lt;\\\/path&gt;&lt;\\\/svg&gt;&quot;,&quot;library&quot;:&quot;fa-solid&quot;}}\" data-widget_type=\"nav-menu.default\">\n\t\t\t\t<div class=\"elementor-widget-container\">\n\t\t\t\t\t\t\t\t<nav aria-label=\"Menu\" class=\"elementor-nav-menu--main elementor-nav-menu__container elementor-nav-menu--layout-horizontal e--pointer-none\">\n\t\t\t\t<ul id=\"menu-1-bbc2c9e\" class=\"elementor-nav-menu\"><li class=\"menu-item menu-item-type-custom menu-item-object-custom menu-item-has-children menu-item-478\"><a href=\"#\" class=\"elementor-item elementor-item-anchor\">Choose Destination<\/a>\n<ul class=\"sub-menu elementor-nav-menu--dropdown\">\n\t<li class=\"menu-item menu-item-type-post_type menu-item-object-page menu-item-485\"><a href=\"https:\/\/info.corendon.com.tr\/en\/antalya\/\" class=\"elementor-sub-item\">Antalya<\/a><\/li>\n\t<li class=\"menu-item menu-item-type-post_type menu-item-object-page menu-item-484\"><a href=\"https:\/\/info.corendon.com.tr\/en\/?page_id=404\" class=\"elementor-sub-item\">Alanya<\/a><\/li>\n\t<li class=\"menu-item menu-item-type-post_type menu-item-object-page menu-item-483\"><a href=\"https:\/\/info.corendon.com.tr\/en\/side\/\" class=\"elementor-sub-item\">Side<\/a><\/li>\n\t<li class=\"menu-item menu-item-type-post_type menu-item-object-page menu-item-482\"><a href=\"https:\/\/info.corendon.com.tr\/en\/kemer\/\" class=\"elementor-sub-item\">Kemer<\/a><\/li>\n\t<li class=\"menu-item menu-item-type-post_type menu-item-object-page menu-item-481\"><a href=\"https:\/\/info.corendon.com.tr\/en\/belek\/\" class=\"elementor-sub-item\">Belek<\/a><\/li>\n<\/ul>\n<\/li>\n<\/ul>\t\t\t<\/nav>\n\t\t\t\t\t\t<nav class=\"elementor-nav-menu--dropdown elementor-nav-menu__container\" aria-hidden=\"true\">\n\t\t\t\t<ul id=\"menu-2-bbc2c9e\" class=\"elementor-nav-menu\"><li class=\"menu-item menu-item-type-custom menu-item-object-custom menu-item-has-children menu-item-478\"><a href=\"#\" class=\"elementor-item elementor-item-anchor\" tabindex=\"-1\">Choose Destination<\/a>\n<ul class=\"sub-menu elementor-nav-menu--dropdown\">\n\t<li class=\"menu-item menu-item-type-post_type menu-item-object-page menu-item-485\"><a href=\"https:\/\/info.corendon.com.tr\/en\/antalya\/\" class=\"elementor-sub-item\" tabindex=\"-1\">Antalya<\/a><\/li>\n\t<li class=\"menu-item menu-item-type-post_type menu-item-object-page menu-item-484\"><a href=\"https:\/\/info.corendon.com.tr\/en\/?page_id=404\" class=\"elementor-sub-item\" tabindex=\"-1\">Alanya<\/a><\/li>\n\t<li class=\"menu-item menu-item-type-post_type menu-item-object-page menu-item-483\"><a href=\"https:\/\/info.corendon.com.tr\/en\/side\/\" class=\"elementor-sub-item\" tabindex=\"-1\">Side<\/a><\/li>\n\t<li class=\"menu-item menu-item-type-post_type menu-item-object-page menu-item-482\"><a href=\"https:\/\/info.corendon.com.tr\/en\/kemer\/\" class=\"elementor-sub-item\" tabindex=\"-1\">Kemer<\/a><\/li>\n\t<li class=\"menu-item menu-item-type-post_type menu-item-object-page menu-item-481\"><a href=\"https:\/\/info.corendon.com.tr\/en\/belek\/\" class=\"elementor-sub-item\" tabindex=\"-1\">Belek<\/a><\/li>\n<\/ul>\n<\/li>\n<\/ul>\t\t\t<\/nav>\n\t\t\t\t\t\t<\/div>\n\t\t\t\t<\/div>\n\t\t\t\t\t<\/div>\n\t\t\t\t<\/div>\n\t\t\t\t<section class=\"elementor-section elementor-top-section elementor-element elementor-element-3cc4fece elementor-reverse-mobile elementor-section-boxed elementor-section-height-default elementor-section-height-default\" data-id=\"3cc4fece\" data-element_type=\"section\">\n\t\t\t\t\t\t<div class=\"elementor-container elementor-column-gap-default\">\n\t\t\t\t\t<div class=\"elementor-column elementor-col-50 elementor-top-column elementor-element elementor-element-491187a\" data-id=\"491187a\" data-element_type=\"column\">\n\t\t\t<div class=\"elementor-widget-wrap elementor-element-populated\">\n\t\t\t\t\t\t<section class=\"elementor-section elementor-inner-section elementor-element elementor-element-510cd8a9 elementor-section-boxed elementor-section-height-default elementor-section-height-default\" data-id=\"510cd8a9\" data-element_type=\"section\">\n\t\t\t\t\t\t<div class=\"elementor-container elementor-column-gap-default\">\n\t\t\t\t\t<div class=\"elementor-column elementor-col-100 elementor-inner-column elementor-element elementor-element-53a6e195\" data-id=\"53a6e195\" data-element_type=\"column\">\n\t\t\t<div class=\"elementor-widget-wrap elementor-element-populated\">\n\t\t\t\t\t\t<div class=\"elementor-element elementor-element-5118d471 elementor-widget elementor-widget-heading\" data-id=\"5118d471\" data-element_type=\"widget\" data-widget_type=\"heading.default\">\n\t\t\t\t<div class=\"elementor-widget-container\">\n\t\t\t\t\t<h3 class=\"elementor-heading-title elementor-size-default\">Kemer<\/h3>\t\t\t\t<\/div>\n\t\t\t\t<\/div>\n\t\t\t\t<div class=\"elementor-element elementor-element-6fdab35b elementor-widget elementor-widget-text-editor\" data-id=\"6fdab35b\" data-element_type=\"widget\" data-widget_type=\"text-editor.default\">\n\t\t\t\t<div class=\"elementor-widget-container\">\n\t\t\t\t\t\t\t\t\t<p>Kemer er en fredelig ferieby beliggende cirka 40 km sydvest for Antalya, og her m\u00f8des du af luksuri\u00f8se hoteller og natursk\u00f8nne omgivelser. Oprindeligt var Kemer en lille by, hvor \u00f8konomien prim\u00e6rt var baseret p\u00e5 appelsindyrkning og fiskeri, og indtil 1960\u2019erne var byen uden vejforbindelse og kun tilg\u00e6ngelig via b\u00e5d. I dag er adgangen til byen forbedret betydeligt, og Kemer er kendt for sine fornemme hoteller, en verdensber\u00f8mt marina og et bredt udvalg af underholdningsmuligheder.<br \/>\nByens st\u00f8rste attraktion er den imponerende natur, der omgiver den, med en blanding af frodige skove, azurbl\u00e5t hav og imponerende bjerglandskaber. Kemer kombinerer moderne tyrkiske elementer med traditionelle nomadiske kulturer, som kan udforskes i byens marina og Nomadernes Temapark. Marinaen tiltr\u00e6kker sejlere fra hele verden og tilbyder ideelle faciliteter til afslapning og spisning. I n\u00e6rheden ligger Moonlight Park, der tilbyder skyggefulde stisystemer, butikker, caf\u00e9er og restauranter.<br \/>\nLejer du en bil og k\u00f8rer fra Kemer og langs Tyrkiets sydkyst, kan du nyde synet af de spektakul\u00e6re landskaber og f\u00e5 adgang til historiske steder som oldtidsbyen Olympus og de maleriske byer Kalkan og Kas. Fra Kas er der mulighed for b\u00e5dture til Kekova, hvor bes\u00f8gende kan se ruinerne af en sunket by.<\/p>\n\t\t\t\t\t\t\t\t<\/div>\n\t\t\t\t<\/div>\n\t\t\t\t\t<\/div>\n\t\t<\/div>\n\t\t\t\t\t<\/div>\n\t\t<\/section>\n\t\t\t\t\t<\/div>\n\t\t<\/div>\n\t\t\t\t<div class=\"elementor-column elementor-col-50 elementor-top-column elementor-element elementor-element-c8ca56f\" data-id=\"c8ca56f\" data-element_type=\"column\">\n\t\t\t<div class=\"elementor-widget-wrap elementor-element-populated\">\n\t\t\t\t\t\t<section class=\"elementor-section elementor-inner-section elementor-element elementor-element-69ba30e elementor-section-boxed elementor-section-height-default elementor-section-height-default\" data-id=\"69ba30e\" data-element_type=\"section\">\n\t\t\t\t\t\t<div class=\"elementor-container elementor-column-gap-default\">\n\t\t\t\t\t<div class=\"elementor-column elementor-col-100 elementor-inner-column elementor-element elementor-element-4ebb1909\" data-id=\"4ebb1909\" data-element_type=\"column\">\n\t\t\t<div class=\"elementor-widget-wrap elementor-element-populated\">\n\t\t\t\t\t\t<div class=\"elementor-element elementor-element-1379ce3d elementor-widget elementor-widget-image\" data-id=\"1379ce3d\" data-element_type=\"widget\" data-widget_type=\"image.default\">\n\t\t\t\t<div class=\"elementor-widget-container\">\n\t\t\t\t\t\t\t\t\t\t\t\t\t\t\t<img fetchpriority=\"high\" decoding=\"async\" width=\"1200\" height=\"800\" src=\"https:\/\/info.corendon.com.tr\/wp-content\/uploads\/2024\/04\/4.jpg\" class=\"attachment-full size-full wp-image-2053\" alt=\"\" srcset=\"https:\/\/info.corendon.com.tr\/wp-content\/uploads\/2024\/04\/4.jpg 1200w, https:\/\/info.corendon.com.tr\/wp-content\/uploads\/2024\/04\/4-300x200.jpg 300w, https:\/\/info.corendon.com.tr\/wp-content\/uploads\/2024\/04\/4-1024x683.jpg 1024w, https:\/\/info.corendon.com.tr\/wp-content\/uploads\/2024\/04\/4-768x512.jpg 768w\" sizes=\"(max-width: 1200px) 100vw, 1200px\" \/>\t\t\t\t\t\t\t\t\t\t\t\t\t\t\t<\/div>\n\t\t\t\t<\/div>\n\t\t\t\t\t<\/div>\n\t\t<\/div>\n\t\t\t\t\t<\/div>\n\t\t<\/section>\n\t\t\t\t\t<\/div>\n\t\t<\/div>\n\t\t\t\t\t<\/div>\n\t\t<\/section>\n\t\t\t\t<\/div>\n\t\t","protected":false},"excerpt":{"rendered":"<p>Kemer Kemer er en fredelig ferieby beliggende cirka 40 km sydvest for Antalya, og her m\u00f8des du af luksuri\u00f8se hoteller og natursk\u00f8nne omgivelser. Oprindeligt var Kemer en lille by, hvor \u00f8konomien prim\u00e6rt var baseret p\u00e5 appelsindyrkning og fiskeri, og indtil 1960\u2019erne var byen uden vejforbindelse og kun tilg\u00e6ngelig via b\u00e5d. I dag er adgangen til [&hellip;]<\/p>\n","protected":false},"author":1,"featured_media":0,"parent":0,"menu_order":0,"comment_status":"closed","ping_status":"closed","template":"elementor_header_footer","meta":{"footnotes":""},"class_list":["post-2196","page","type-page","status-publish","hentry"],"_links":{"self":[{"href":"https:\/\/info.corendon.com.tr\/da\/wp-json\/wp\/v2\/pages\/2196","targetHints":{"allow":["GET"]}}],"collection":[{"href":"https:\/\/info.corendon.com.tr\/da\/wp-json\/wp\/v2\/pages"}],"about":[{"href":"https:\/\/info.corendon.com.tr\/da\/wp-json\/wp\/v2\/types\/page"}],"author":[{"embeddable":true,"href":"https:\/\/info.corendon.com.tr\/da\/wp-json\/wp\/v2\/users\/1"}],"replies":[{"embeddable":true,"href":"https:\/\/info.corendon.com.tr\/da\/wp-json\/wp\/v2\/comments?post=2196"}],"version-history":[{"count":1,"href":"https:\/\/info.corendon.com.tr\/da\/wp-json\/wp\/v2\/pages\/2196\/revisions"}],"predecessor-version":[{"id":2197,"href":"https:\/\/info.corendon.com.tr\/da\/wp-json\/wp\/v2\/pages\/2196\/revisions\/2197"}],"wp:attachment":[{"href":"https:\/\/info.corendon.com.tr\/da\/wp-json\/wp\/v2\/media?parent=2196"}],"curies":[{"name":"wp","href":"https:\/\/api.w.org\/{rel}","templated":true}]}}