{"id":2189,"date":"2024-04-19T18:00:50","date_gmt":"2024-04-19T15:00:50","guid":{"rendered":"https:\/\/info.corendon.com.tr\/alanya\/"},"modified":"2025-08-13T15:56:23","modified_gmt":"2025-08-13T12:56:23","slug":"alanya","status":"publish","type":"page","link":"https:\/\/info.corendon.com.tr\/da\/alanya\/","title":{"rendered":"Alanya"},"content":{"rendered":"\t\t<div data-elementor-type=\"wp-page\" data-elementor-id=\"2189\" class=\"elementor elementor-2189\" data-elementor-post-type=\"page\">\n\t\t\t\t<div class=\"elementor-element elementor-element-ec978f0 e-flex e-con-boxed e-con e-parent\" data-id=\"ec978f0\" data-element_type=\"container\">\n\t\t\t\t\t<div class=\"e-con-inner\">\n\t\t\t\t<div class=\"elementor-element elementor-element-57b4596 elementor-nav-menu__align-center elementor-nav-menu--dropdown-none elementor-widget elementor-widget-nav-menu\" data-id=\"57b4596\" data-element_type=\"widget\" data-settings=\"{&quot;layout&quot;:&quot;horizontal&quot;,&quot;submenu_icon&quot;:{&quot;value&quot;:&quot;&lt;svg aria-hidden=\\&quot;true\\&quot; class=\\&quot;e-font-icon-svg e-fas-caret-down\\&quot; viewBox=\\&quot;0 0 320 512\\&quot; xmlns=\\&quot;http:\\\/\\\/www.w3.org\\\/2000\\\/svg\\&quot;&gt;&lt;path d=\\&quot;M31.3 192h257.3c17.8 0 26.7 21.5 14.1 34.1L174.1 354.8c-7.8 7.8-20.5 7.8-28.3 0L17.2 226.1C4.6 213.5 13.5 192 31.3 192z\\&quot;&gt;&lt;\\\/path&gt;&lt;\\\/svg&gt;&quot;,&quot;library&quot;:&quot;fa-solid&quot;}}\" data-widget_type=\"nav-menu.default\">\n\t\t\t\t<div class=\"elementor-widget-container\">\n\t\t\t\t\t\t\t\t<nav aria-label=\"Menu\" class=\"elementor-nav-menu--main elementor-nav-menu__container elementor-nav-menu--layout-horizontal e--pointer-none\">\n\t\t\t\t<ul id=\"menu-1-57b4596\" class=\"elementor-nav-menu\"><li class=\"menu-item menu-item-type-custom menu-item-object-custom menu-item-has-children menu-item-478\"><a href=\"#\" class=\"elementor-item elementor-item-anchor\">Choose Destination<\/a>\n<ul class=\"sub-menu elementor-nav-menu--dropdown\">\n\t<li class=\"menu-item menu-item-type-post_type menu-item-object-page menu-item-485\"><a href=\"https:\/\/info.corendon.com.tr\/en\/antalya\/\" class=\"elementor-sub-item\">Antalya<\/a><\/li>\n\t<li class=\"menu-item menu-item-type-post_type menu-item-object-page menu-item-484\"><a href=\"https:\/\/info.corendon.com.tr\/en\/?page_id=404\" class=\"elementor-sub-item\">Alanya<\/a><\/li>\n\t<li class=\"menu-item menu-item-type-post_type menu-item-object-page menu-item-483\"><a href=\"https:\/\/info.corendon.com.tr\/en\/side\/\" class=\"elementor-sub-item\">Side<\/a><\/li>\n\t<li class=\"menu-item menu-item-type-post_type menu-item-object-page menu-item-482\"><a href=\"https:\/\/info.corendon.com.tr\/en\/kemer\/\" class=\"elementor-sub-item\">Kemer<\/a><\/li>\n\t<li class=\"menu-item menu-item-type-post_type menu-item-object-page menu-item-481\"><a href=\"https:\/\/info.corendon.com.tr\/en\/belek\/\" class=\"elementor-sub-item\">Belek<\/a><\/li>\n<\/ul>\n<\/li>\n<\/ul>\t\t\t<\/nav>\n\t\t\t\t\t\t<nav class=\"elementor-nav-menu--dropdown elementor-nav-menu__container\" aria-hidden=\"true\">\n\t\t\t\t<ul id=\"menu-2-57b4596\" class=\"elementor-nav-menu\"><li class=\"menu-item menu-item-type-custom menu-item-object-custom menu-item-has-children menu-item-478\"><a href=\"#\" class=\"elementor-item elementor-item-anchor\" tabindex=\"-1\">Choose Destination<\/a>\n<ul class=\"sub-menu elementor-nav-menu--dropdown\">\n\t<li class=\"menu-item menu-item-type-post_type menu-item-object-page menu-item-485\"><a href=\"https:\/\/info.corendon.com.tr\/en\/antalya\/\" class=\"elementor-sub-item\" tabindex=\"-1\">Antalya<\/a><\/li>\n\t<li class=\"menu-item menu-item-type-post_type menu-item-object-page menu-item-484\"><a href=\"https:\/\/info.corendon.com.tr\/en\/?page_id=404\" class=\"elementor-sub-item\" tabindex=\"-1\">Alanya<\/a><\/li>\n\t<li class=\"menu-item menu-item-type-post_type menu-item-object-page menu-item-483\"><a href=\"https:\/\/info.corendon.com.tr\/en\/side\/\" class=\"elementor-sub-item\" tabindex=\"-1\">Side<\/a><\/li>\n\t<li class=\"menu-item menu-item-type-post_type menu-item-object-page menu-item-482\"><a href=\"https:\/\/info.corendon.com.tr\/en\/kemer\/\" class=\"elementor-sub-item\" tabindex=\"-1\">Kemer<\/a><\/li>\n\t<li class=\"menu-item menu-item-type-post_type menu-item-object-page menu-item-481\"><a href=\"https:\/\/info.corendon.com.tr\/en\/belek\/\" class=\"elementor-sub-item\" tabindex=\"-1\">Belek<\/a><\/li>\n<\/ul>\n<\/li>\n<\/ul>\t\t\t<\/nav>\n\t\t\t\t\t\t<\/div>\n\t\t\t\t<\/div>\n\t\t\t\t\t<\/div>\n\t\t\t\t<\/div>\n\t\t\t\t<section class=\"elementor-section elementor-top-section elementor-element elementor-element-3cc4fece elementor-reverse-mobile elementor-section-boxed elementor-section-height-default elementor-section-height-default\" data-id=\"3cc4fece\" data-element_type=\"section\">\n\t\t\t\t\t\t<div class=\"elementor-container elementor-column-gap-default\">\n\t\t\t\t\t<div class=\"elementor-column elementor-col-50 elementor-top-column elementor-element elementor-element-491187a\" data-id=\"491187a\" data-element_type=\"column\">\n\t\t\t<div class=\"elementor-widget-wrap elementor-element-populated\">\n\t\t\t\t\t\t<section class=\"elementor-section elementor-inner-section elementor-element elementor-element-510cd8a9 elementor-section-boxed elementor-section-height-default elementor-section-height-default\" data-id=\"510cd8a9\" data-element_type=\"section\">\n\t\t\t\t\t\t<div class=\"elementor-container elementor-column-gap-default\">\n\t\t\t\t\t<div class=\"elementor-column elementor-col-100 elementor-inner-column elementor-element elementor-element-53a6e195\" data-id=\"53a6e195\" data-element_type=\"column\">\n\t\t\t<div class=\"elementor-widget-wrap elementor-element-populated\">\n\t\t\t\t\t\t<div class=\"elementor-element elementor-element-5118d471 elementor-widget elementor-widget-heading\" data-id=\"5118d471\" data-element_type=\"widget\" data-widget_type=\"heading.default\">\n\t\t\t\t<div class=\"elementor-widget-container\">\n\t\t\t\t\t<h3 class=\"elementor-heading-title elementor-size-default\">Alanya<\/h3>\t\t\t\t<\/div>\n\t\t\t\t<\/div>\n\t\t\t\t<div class=\"elementor-element elementor-element-6fdab35b elementor-widget elementor-widget-text-editor\" data-id=\"6fdab35b\" data-element_type=\"widget\" data-widget_type=\"text-editor.default\">\n\t\t\t\t<div class=\"elementor-widget-container\">\n\t\t\t\t\t\t\t\t\t<p>Alanya er en by med 289.000 indbyggere beliggende 60 km \u00f8st for Side og 130 km \u00f8st for Antalya. Byen har en fantastisk smuk placering p\u00e5 Tyrkiets sydkyst, direkte ud til det lune Middelhav og med de natursk\u00f8nne Taurusbjerge som baggrund.<br \/>\nI hjertet af byen finder du den stemningsfulde basar. Her kan du k\u00f8be alt fra smykker og krydderier til kunsth\u00e5ndv\u00e6rk og kopivarer af mere eller mindre tvivlsom kvalitet. Her kan v\u00e6re gode penge at spare p\u00e5 bl.a. l\u00e6dervarer, keramik og lamper. Basaren er dog langt fra det eneste sted i Alanya, hvor du kan g\u00f8re feriens indk\u00f8b \u2013 i byens indk\u00f8bscenter, Alanyum, og langs Alanyas hovedgade, Atat\u00fcrk Boulevard, findes masser af butikker med alt, hvad hjertet kan beg\u00e6re af t\u00f8j, leget\u00f8j, kosmetik, tasker og meget mere. Rundt omkring i byen findes desuden flere forskellige markeder, som er v\u00e6rd at bes\u00f8ge.<\/p>\n\t\t\t\t\t\t\t\t<\/div>\n\t\t\t\t<\/div>\n\t\t\t\t\t<\/div>\n\t\t<\/div>\n\t\t\t\t\t<\/div>\n\t\t<\/section>\n\t\t\t\t\t<\/div>\n\t\t<\/div>\n\t\t\t\t<div class=\"elementor-column elementor-col-50 elementor-top-column elementor-element elementor-element-c8ca56f\" data-id=\"c8ca56f\" data-element_type=\"column\">\n\t\t\t<div class=\"elementor-widget-wrap elementor-element-populated\">\n\t\t\t\t\t\t<section class=\"elementor-section elementor-inner-section elementor-element elementor-element-69ba30e elementor-section-boxed elementor-section-height-default elementor-section-height-default\" data-id=\"69ba30e\" data-element_type=\"section\">\n\t\t\t\t\t\t<div class=\"elementor-container elementor-column-gap-default\">\n\t\t\t\t\t<div class=\"elementor-column elementor-col-100 elementor-inner-column elementor-element elementor-element-4ebb1909\" data-id=\"4ebb1909\" data-element_type=\"column\">\n\t\t\t<div class=\"elementor-widget-wrap elementor-element-populated\">\n\t\t\t\t\t\t<div class=\"elementor-element elementor-element-1379ce3d elementor-widget elementor-widget-image\" data-id=\"1379ce3d\" data-element_type=\"widget\" data-widget_type=\"image.default\">\n\t\t\t\t<div class=\"elementor-widget-container\">\n\t\t\t\t\t\t\t\t\t\t\t\t\t\t\t<img fetchpriority=\"high\" decoding=\"async\" width=\"2000\" height=\"1326\" src=\"https:\/\/info.corendon.com.tr\/wp-content\/uploads\/2024\/04\/unesco-3.jpg\" class=\"attachment-full size-full wp-image-2190\" alt=\"\" srcset=\"https:\/\/info.corendon.com.tr\/wp-content\/uploads\/2024\/04\/unesco-3.jpg 2000w, https:\/\/info.corendon.com.tr\/wp-content\/uploads\/2024\/04\/unesco-3-300x199.jpg 300w, https:\/\/info.corendon.com.tr\/wp-content\/uploads\/2024\/04\/unesco-3-1024x679.jpg 1024w, https:\/\/info.corendon.com.tr\/wp-content\/uploads\/2024\/04\/unesco-3-768x509.jpg 768w, https:\/\/info.corendon.com.tr\/wp-content\/uploads\/2024\/04\/unesco-3-1536x1018.jpg 1536w, https:\/\/info.corendon.com.tr\/wp-content\/uploads\/2024\/04\/unesco-3-1568x1040.jpg 1568w\" sizes=\"(max-width: 2000px) 100vw, 2000px\" \/>\t\t\t\t\t\t\t\t\t\t\t\t\t\t\t<\/div>\n\t\t\t\t<\/div>\n\t\t\t\t\t<\/div>\n\t\t<\/div>\n\t\t\t\t\t<\/div>\n\t\t<\/section>\n\t\t\t\t\t<\/div>\n\t\t<\/div>\n\t\t\t\t\t<\/div>\n\t\t<\/section>\n\t\t\t\t<section class=\"elementor-section elementor-top-section elementor-element elementor-element-7e5696b4 elementor-section-boxed elementor-section-height-default elementor-section-height-default\" data-id=\"7e5696b4\" data-element_type=\"section\">\n\t\t\t\t\t\t<div class=\"elementor-container elementor-column-gap-default\">\n\t\t\t\t\t<div class=\"elementor-column elementor-col-50 elementor-top-column elementor-element elementor-element-42bc207d\" data-id=\"42bc207d\" data-element_type=\"column\">\n\t\t\t<div class=\"elementor-widget-wrap elementor-element-populated\">\n\t\t\t\t\t\t<section class=\"elementor-section elementor-inner-section elementor-element elementor-element-2e14680a elementor-section-boxed elementor-section-height-default elementor-section-height-default\" data-id=\"2e14680a\" data-element_type=\"section\">\n\t\t\t\t\t\t<div class=\"elementor-container elementor-column-gap-default\">\n\t\t\t\t\t<div class=\"elementor-column elementor-col-100 elementor-inner-column elementor-element elementor-element-789ed3e6\" data-id=\"789ed3e6\" data-element_type=\"column\">\n\t\t\t<div class=\"elementor-widget-wrap elementor-element-populated\">\n\t\t\t\t\t\t<div class=\"elementor-element elementor-element-a88a493 elementor-widget elementor-widget-image\" data-id=\"a88a493\" data-element_type=\"widget\" data-widget_type=\"image.default\">\n\t\t\t\t<div class=\"elementor-widget-container\">\n\t\t\t\t\t\t\t\t\t\t\t\t\t\t\t<img decoding=\"async\" width=\"2000\" height=\"1333\" src=\"https:\/\/info.corendon.com.tr\/wp-content\/uploads\/2024\/04\/bg.jpg\" class=\"attachment-full size-full wp-image-2039\" alt=\"\" srcset=\"https:\/\/info.corendon.com.tr\/wp-content\/uploads\/2024\/04\/bg.jpg 2000w, https:\/\/info.corendon.com.tr\/wp-content\/uploads\/2024\/04\/bg-300x200.jpg 300w, https:\/\/info.corendon.com.tr\/wp-content\/uploads\/2024\/04\/bg-1024x682.jpg 1024w, https:\/\/info.corendon.com.tr\/wp-content\/uploads\/2024\/04\/bg-768x512.jpg 768w, https:\/\/info.corendon.com.tr\/wp-content\/uploads\/2024\/04\/bg-1536x1024.jpg 1536w, https:\/\/info.corendon.com.tr\/wp-content\/uploads\/2024\/04\/bg-1568x1045.jpg 1568w\" sizes=\"(max-width: 2000px) 100vw, 2000px\" \/>\t\t\t\t\t\t\t\t\t\t\t\t\t\t\t<\/div>\n\t\t\t\t<\/div>\n\t\t\t\t\t<\/div>\n\t\t<\/div>\n\t\t\t\t\t<\/div>\n\t\t<\/section>\n\t\t\t\t\t<\/div>\n\t\t<\/div>\n\t\t\t\t<div class=\"elementor-column elementor-col-50 elementor-top-column elementor-element elementor-element-1ab98131\" data-id=\"1ab98131\" data-element_type=\"column\">\n\t\t\t<div class=\"elementor-widget-wrap elementor-element-populated\">\n\t\t\t\t\t\t<section class=\"elementor-section elementor-inner-section elementor-element elementor-element-5273cfe1 elementor-section-boxed elementor-section-height-default elementor-section-height-default\" data-id=\"5273cfe1\" data-element_type=\"section\">\n\t\t\t\t\t\t<div class=\"elementor-container elementor-column-gap-default\">\n\t\t\t\t\t<div class=\"elementor-column elementor-col-100 elementor-inner-column elementor-element elementor-element-437b7966\" data-id=\"437b7966\" data-element_type=\"column\">\n\t\t\t<div class=\"elementor-widget-wrap elementor-element-populated\">\n\t\t\t\t\t\t<div class=\"elementor-element elementor-element-12a743b5 elementor-widget elementor-widget-text-editor\" data-id=\"12a743b5\" data-element_type=\"widget\" data-widget_type=\"text-editor.default\">\n\t\t\t\t<div class=\"elementor-widget-container\">\n\t\t\t\t\t\t\t\t\t<h3>Afslappende dage ved havnen og festlige n\u00e6tter i byen<\/h3><p><br \/>T\u00e6t ved byens basar finder du Alanyas hyggelige havn. Langs havnen findes et v\u00e6ld af gode restauranter og caf\u00e9er, hvor du kan nyde et l\u00e6kkert m\u00e5ltid eller en k\u00f8lig forfriskning med udsigt over havet. Ved havnen finder du ogs\u00e5 byens mange turb\u00e5de, som giver dig mulighed for at opleve Alanya fra havsiden. Her er sm\u00e5 party-cruises, hvor sol og h\u00f8j musik s\u00f8rger for en fest p\u00e5 havet, og her er den mere afslappende udgave, hvor det blot handler om at nyde solen, en k\u00f8lig dukkert og de smukke omgivelser \u2013 her er med andre ord b\u00e5dture for en hver smag.<br \/>S\u00f8ger du en festlig aften i byen, s\u00e5 er Alanya mere end leveringsdygtig. Lige bag basaren finder du st\u00f8rstedelen af byens diskoteker og natklubber, og her kan du feste natten lang. Uden for diskotekerne laver personalet ofte sm\u00e5 shows af forskellig art for at vise forbipasserende g\u00e6ster, hvorfor lige netop deres bev\u00e6rtning adskiller sig fra de \u00f8vrige. Her er det altid en oplevelse at g\u00e5 en tur i de sene aften- og nattetimer<\/p>\t\t\t\t\t\t\t\t<\/div>\n\t\t\t\t<\/div>\n\t\t\t\t\t<\/div>\n\t\t<\/div>\n\t\t\t\t\t<\/div>\n\t\t<\/section>\n\t\t\t\t\t<\/div>\n\t\t<\/div>\n\t\t\t\t\t<\/div>\n\t\t<\/section>\n\t\t\t\t<section class=\"elementor-section elementor-top-section elementor-element elementor-element-59c4484b elementor-reverse-mobile elementor-section-boxed elementor-section-height-default elementor-section-height-default\" data-id=\"59c4484b\" data-element_type=\"section\">\n\t\t\t\t\t\t<div class=\"elementor-container elementor-column-gap-default\">\n\t\t\t\t\t<div class=\"elementor-column elementor-col-50 elementor-top-column elementor-element elementor-element-5b357e84\" data-id=\"5b357e84\" data-element_type=\"column\">\n\t\t\t<div class=\"elementor-widget-wrap elementor-element-populated\">\n\t\t\t\t\t\t<section class=\"elementor-section elementor-inner-section elementor-element elementor-element-2c8e6887 elementor-section-boxed elementor-section-height-default elementor-section-height-default\" data-id=\"2c8e6887\" data-element_type=\"section\">\n\t\t\t\t\t\t<div class=\"elementor-container elementor-column-gap-default\">\n\t\t\t\t\t<div class=\"elementor-column elementor-col-100 elementor-inner-column elementor-element elementor-element-63275f3c\" data-id=\"63275f3c\" data-element_type=\"column\">\n\t\t\t<div class=\"elementor-widget-wrap elementor-element-populated\">\n\t\t\t\t\t\t<div class=\"elementor-element elementor-element-47e11098 elementor-widget elementor-widget-text-editor\" data-id=\"47e11098\" data-element_type=\"widget\" data-widget_type=\"text-editor.default\">\n\t\t\t\t<div class=\"elementor-widget-container\">\n\t\t\t\t\t\t\t\t\t<h2>Nyd dagen p\u00e5 stranden<\/h2><p><br \/>Alanya har flere dejlige strande at v\u00e6lge imellem, n\u00e5r du vil bade og slappe af i solen. Byens mest ber\u00f8mte og mest popul\u00e6re strand kaldes Kleopatra-stranden og ligger vest for byens centrum. Kleopatra-stranden er en dejlig sandstrand<br \/>med masser af vandsportsaktiviteter og et fint udvalg af hyggelige strandcaf\u00e9er. Stranden er bred, s\u00e5 selv om den er meget velbes\u00f8gt, s\u00e5 er her god plads. B\u00f8lgerne ved Kleopatra-stranden er ofte h\u00f8je, og her bliver relativt hurtigt dybt.<br \/>S\u00f8ger du en mere b\u00f8rnevenlig og fredelig strand, s\u00e5 kan du med fordel tage over p\u00e5 den modsatte side af forbjerget og Alanyas centrum. Her finder du Aladdin Keykubat-stranden, som p\u00e5 grund af sin beliggenhed \u00f8st for byen ofte omtales som \u201d\u00d8ststranden\u201d. Stranden har en del flere sten end Kleopatra-stranden, men den bliver kun langsomt dyb, s\u00e5 den er et godt valg, hvis du rejser med sm\u00e5 b\u00f8rn.<\/p>\t\t\t\t\t\t\t\t<\/div>\n\t\t\t\t<\/div>\n\t\t\t\t\t<\/div>\n\t\t<\/div>\n\t\t\t\t\t<\/div>\n\t\t<\/section>\n\t\t\t\t\t<\/div>\n\t\t<\/div>\n\t\t\t\t<div class=\"elementor-column elementor-col-50 elementor-top-column elementor-element elementor-element-bf6277\" data-id=\"bf6277\" data-element_type=\"column\">\n\t\t\t<div class=\"elementor-widget-wrap elementor-element-populated\">\n\t\t\t\t\t\t<section class=\"elementor-section elementor-inner-section elementor-element elementor-element-71413da6 elementor-section-boxed elementor-section-height-default elementor-section-height-default\" data-id=\"71413da6\" data-element_type=\"section\">\n\t\t\t\t\t\t<div class=\"elementor-container elementor-column-gap-default\">\n\t\t\t\t\t<div class=\"elementor-column elementor-col-100 elementor-inner-column elementor-element elementor-element-67a24415\" data-id=\"67a24415\" data-element_type=\"column\">\n\t\t\t<div class=\"elementor-widget-wrap elementor-element-populated\">\n\t\t\t\t\t\t<div class=\"elementor-element elementor-element-49309d69 elementor-widget elementor-widget-image\" data-id=\"49309d69\" data-element_type=\"widget\" data-widget_type=\"image.default\">\n\t\t\t\t<div class=\"elementor-widget-container\">\n\t\t\t\t\t\t\t\t\t\t\t\t\t\t\t<img decoding=\"async\" width=\"2000\" height=\"1326\" src=\"https:\/\/info.corendon.com.tr\/wp-content\/uploads\/2024\/04\/unesco-6.png\" class=\"attachment-full size-full wp-image-2063\" alt=\"\" srcset=\"https:\/\/info.corendon.com.tr\/wp-content\/uploads\/2024\/04\/unesco-6.png 2000w, https:\/\/info.corendon.com.tr\/wp-content\/uploads\/2024\/04\/unesco-6-300x199.png 300w, https:\/\/info.corendon.com.tr\/wp-content\/uploads\/2024\/04\/unesco-6-1024x679.png 1024w, https:\/\/info.corendon.com.tr\/wp-content\/uploads\/2024\/04\/unesco-6-768x509.png 768w, https:\/\/info.corendon.com.tr\/wp-content\/uploads\/2024\/04\/unesco-6-1536x1018.png 1536w, https:\/\/info.corendon.com.tr\/wp-content\/uploads\/2024\/04\/unesco-6-1568x1040.png 1568w\" sizes=\"(max-width: 2000px) 100vw, 2000px\" \/>\t\t\t\t\t\t\t\t\t\t\t\t\t\t\t<\/div>\n\t\t\t\t<\/div>\n\t\t\t\t\t<\/div>\n\t\t<\/div>\n\t\t\t\t\t<\/div>\n\t\t<\/section>\n\t\t\t\t\t<\/div>\n\t\t<\/div>\n\t\t\t\t\t<\/div>\n\t\t<\/section>\n\t\t<div class=\"elementor-element elementor-element-a8a56cf e-flex e-con-boxed e-con e-parent\" data-id=\"a8a56cf\" data-element_type=\"container\">\n\t\t\t\t\t<div class=\"e-con-inner\">\n\t\t\t\t<div class=\"elementor-element elementor-element-d93ac72 elementor-widget elementor-widget-text-editor\" data-id=\"d93ac72\" data-element_type=\"widget\" data-widget_type=\"text-editor.default\">\n\t\t\t\t<div class=\"elementor-widget-container\">\n\t\t\t\t\t\t\t\t\t<h2>Alanyas sev\u00e6rdigheder<\/h2><p><br \/>H\u00e6vet over Alanya by finder du den imponerende f\u00e6stning, som i daglig tale kaldes \u201dBorgen\u201d. Herfra kan du nyde en storsl\u00e5et udsigt over havet og byen, og n\u00e5r m\u00f8rket falder<br \/>p\u00e5, lyses ruinerne op p\u00e5 smukkeste vis. Det kan varmt anbefales at planl\u00e6gge en halvdagstur op til borgen, og n\u00e5r du har g\u00e5et turen rundt i ruinerne, kan du med fordel tage Alanyas sv\u00e6vebane ned til Damlatas, hvor der venter en anden af Alanyas mest popul\u00e6re sev\u00e6rdigheder; Damlatasgrotterne. I grotterne kan du opleve drypstensformationer, som kan dateres 15-20.000 \u00e5r tilbage i tiden. Grotterne gemmer desuden p\u00e5 sp\u00e6ndende historie fra dengang pirater brugte dem til at holde deres fanger indesp\u00e6rrede.<\/p><p>\u00a0<\/p><h2>Alanyas smukke natur<\/h2><p><br \/>N\u00e5r du st\u00e5r midt i Alanyas livlige basar, kan det v\u00e6re sv\u00e6rt at forestille sig de fantastiske naturoplevelser, der gemmer sig ganske t\u00e6t p\u00e5 byens centrum \u2013 men du skal ikke langt op i bjergene for, at byens puls bliver afl\u00f8st af duften af de h\u00f8je fyrretr\u00e6er, sm\u00e5 fredelige landsbyer og en fortryllende udsigt over kysten. Det kan derfor varmt anbefales at krydre ferien i Alanya med en k\u00f8retur langs de snoede bjergveje, hvor du kan opleve den smukke natur, der gemmer sig lige uden for byen. P\u00e5 de varmeste dage kan du med fordel l\u00e6gge vejen forbi Dim Cay, hvor den kolde smeltevandsflod lokker med en forfriskende sv\u00f8mmetur, og de sm\u00e5 restauranter langs floden er klar med frokost i stemningsfulde omgivelser.<\/p>\t\t\t\t\t\t\t\t<\/div>\n\t\t\t\t<\/div>\n\t\t\t\t\t<\/div>\n\t\t\t\t<\/div>\n\t\t\t\t<\/div>\n\t\t","protected":false},"excerpt":{"rendered":"<p>Alanya Alanya er en by med 289.000 indbyggere beliggende 60 km \u00f8st for Side og 130 km \u00f8st for Antalya. Byen har en fantastisk smuk placering p\u00e5 Tyrkiets sydkyst, direkte ud til det lune Middelhav og med de natursk\u00f8nne Taurusbjerge som baggrund. I hjertet af byen finder du den stemningsfulde basar. Her kan du k\u00f8be [&hellip;]<\/p>\n","protected":false},"author":1,"featured_media":0,"parent":0,"menu_order":0,"comment_status":"closed","ping_status":"closed","template":"elementor_header_footer","meta":{"footnotes":""},"class_list":["post-2189","page","type-page","status-publish","hentry"],"_links":{"self":[{"href":"https:\/\/info.corendon.com.tr\/da\/wp-json\/wp\/v2\/pages\/2189","targetHints":{"allow":["GET"]}}],"collection":[{"href":"https:\/\/info.corendon.com.tr\/da\/wp-json\/wp\/v2\/pages"}],"about":[{"href":"https:\/\/info.corendon.com.tr\/da\/wp-json\/wp\/v2\/types\/page"}],"author":[{"embeddable":true,"href":"https:\/\/info.corendon.com.tr\/da\/wp-json\/wp\/v2\/users\/1"}],"replies":[{"embeddable":true,"href":"https:\/\/info.corendon.com.tr\/da\/wp-json\/wp\/v2\/comments?post=2189"}],"version-history":[{"count":7,"href":"https:\/\/info.corendon.com.tr\/da\/wp-json\/wp\/v2\/pages\/2189\/revisions"}],"predecessor-version":[{"id":8016,"href":"https:\/\/info.corendon.com.tr\/da\/wp-json\/wp\/v2\/pages\/2189\/revisions\/8016"}],"wp:attachment":[{"href":"https:\/\/info.corendon.com.tr\/da\/wp-json\/wp\/v2\/media?parent=2189"}],"curies":[{"name":"wp","href":"https:\/\/api.w.org\/{rel}","templated":true}]}}