{"id":2184,"date":"2024-04-19T17:22:12","date_gmt":"2024-04-19T14:22:12","guid":{"rendered":"https:\/\/info.corendon.com.tr\/antalya\/"},"modified":"2025-08-13T16:03:20","modified_gmt":"2025-08-13T13:03:20","slug":"antalya","status":"publish","type":"page","link":"https:\/\/info.corendon.com.tr\/da\/antalya\/","title":{"rendered":"Antalya"},"content":{"rendered":"\t\t<div data-elementor-type=\"wp-page\" data-elementor-id=\"2184\" class=\"elementor elementor-2184 elementor-395\" data-elementor-post-type=\"page\">\n\t\t\t\t<div class=\"elementor-element elementor-element-1dc2d12 e-flex e-con-boxed e-con e-parent\" data-id=\"1dc2d12\" data-element_type=\"container\">\n\t\t\t\t\t<div class=\"e-con-inner\">\n\t\t\t\t<div class=\"elementor-element elementor-element-9c330ca elementor-nav-menu__align-center elementor-nav-menu--dropdown-none elementor-widget elementor-widget-nav-menu\" data-id=\"9c330ca\" data-element_type=\"widget\" data-settings=\"{&quot;layout&quot;:&quot;horizontal&quot;,&quot;submenu_icon&quot;:{&quot;value&quot;:&quot;&lt;svg aria-hidden=\\&quot;true\\&quot; class=\\&quot;e-font-icon-svg e-fas-caret-down\\&quot; viewBox=\\&quot;0 0 320 512\\&quot; xmlns=\\&quot;http:\\\/\\\/www.w3.org\\\/2000\\\/svg\\&quot;&gt;&lt;path d=\\&quot;M31.3 192h257.3c17.8 0 26.7 21.5 14.1 34.1L174.1 354.8c-7.8 7.8-20.5 7.8-28.3 0L17.2 226.1C4.6 213.5 13.5 192 31.3 192z\\&quot;&gt;&lt;\\\/path&gt;&lt;\\\/svg&gt;&quot;,&quot;library&quot;:&quot;fa-solid&quot;}}\" data-widget_type=\"nav-menu.default\">\n\t\t\t\t<div class=\"elementor-widget-container\">\n\t\t\t\t\t\t\t\t<nav aria-label=\"Menu\" class=\"elementor-nav-menu--main elementor-nav-menu__container elementor-nav-menu--layout-horizontal e--pointer-none\">\n\t\t\t\t<ul id=\"menu-1-9c330ca\" class=\"elementor-nav-menu\"><li class=\"menu-item menu-item-type-custom menu-item-object-custom menu-item-has-children menu-item-478\"><a href=\"#\" class=\"elementor-item elementor-item-anchor\">Choose Destination<\/a>\n<ul class=\"sub-menu elementor-nav-menu--dropdown\">\n\t<li class=\"menu-item menu-item-type-post_type menu-item-object-page menu-item-485\"><a href=\"https:\/\/info.corendon.com.tr\/en\/antalya\/\" class=\"elementor-sub-item\">Antalya<\/a><\/li>\n\t<li class=\"menu-item menu-item-type-post_type menu-item-object-page menu-item-484\"><a href=\"https:\/\/info.corendon.com.tr\/en\/?page_id=404\" class=\"elementor-sub-item\">Alanya<\/a><\/li>\n\t<li class=\"menu-item menu-item-type-post_type menu-item-object-page menu-item-483\"><a href=\"https:\/\/info.corendon.com.tr\/en\/side\/\" class=\"elementor-sub-item\">Side<\/a><\/li>\n\t<li class=\"menu-item menu-item-type-post_type menu-item-object-page menu-item-482\"><a href=\"https:\/\/info.corendon.com.tr\/en\/kemer\/\" class=\"elementor-sub-item\">Kemer<\/a><\/li>\n\t<li class=\"menu-item menu-item-type-post_type menu-item-object-page menu-item-481\"><a href=\"https:\/\/info.corendon.com.tr\/en\/belek\/\" class=\"elementor-sub-item\">Belek<\/a><\/li>\n<\/ul>\n<\/li>\n<\/ul>\t\t\t<\/nav>\n\t\t\t\t\t\t<nav class=\"elementor-nav-menu--dropdown elementor-nav-menu__container\" aria-hidden=\"true\">\n\t\t\t\t<ul id=\"menu-2-9c330ca\" class=\"elementor-nav-menu\"><li class=\"menu-item menu-item-type-custom menu-item-object-custom menu-item-has-children menu-item-478\"><a href=\"#\" class=\"elementor-item elementor-item-anchor\" tabindex=\"-1\">Choose Destination<\/a>\n<ul class=\"sub-menu elementor-nav-menu--dropdown\">\n\t<li class=\"menu-item menu-item-type-post_type menu-item-object-page menu-item-485\"><a href=\"https:\/\/info.corendon.com.tr\/en\/antalya\/\" class=\"elementor-sub-item\" tabindex=\"-1\">Antalya<\/a><\/li>\n\t<li class=\"menu-item menu-item-type-post_type menu-item-object-page menu-item-484\"><a href=\"https:\/\/info.corendon.com.tr\/en\/?page_id=404\" class=\"elementor-sub-item\" tabindex=\"-1\">Alanya<\/a><\/li>\n\t<li class=\"menu-item menu-item-type-post_type menu-item-object-page menu-item-483\"><a href=\"https:\/\/info.corendon.com.tr\/en\/side\/\" class=\"elementor-sub-item\" tabindex=\"-1\">Side<\/a><\/li>\n\t<li class=\"menu-item menu-item-type-post_type menu-item-object-page menu-item-482\"><a href=\"https:\/\/info.corendon.com.tr\/en\/kemer\/\" class=\"elementor-sub-item\" tabindex=\"-1\">Kemer<\/a><\/li>\n\t<li class=\"menu-item menu-item-type-post_type menu-item-object-page menu-item-481\"><a href=\"https:\/\/info.corendon.com.tr\/en\/belek\/\" class=\"elementor-sub-item\" tabindex=\"-1\">Belek<\/a><\/li>\n<\/ul>\n<\/li>\n<\/ul>\t\t\t<\/nav>\n\t\t\t\t\t\t<\/div>\n\t\t\t\t<\/div>\n\t\t\t\t\t<\/div>\n\t\t\t\t<\/div>\n\t\t\t\t<section class=\"elementor-section elementor-top-section elementor-element elementor-element-3cc4fece elementor-reverse-mobile elementor-section-boxed elementor-section-height-default elementor-section-height-default\" data-id=\"3cc4fece\" data-element_type=\"section\">\n\t\t\t\t\t\t<div class=\"elementor-container elementor-column-gap-default\">\n\t\t\t\t\t<div class=\"elementor-column elementor-col-50 elementor-top-column elementor-element elementor-element-491187a\" data-id=\"491187a\" data-element_type=\"column\">\n\t\t\t<div class=\"elementor-widget-wrap elementor-element-populated\">\n\t\t\t\t\t\t<section class=\"elementor-section elementor-inner-section elementor-element elementor-element-510cd8a9 elementor-section-boxed elementor-section-height-default elementor-section-height-default\" data-id=\"510cd8a9\" data-element_type=\"section\">\n\t\t\t\t\t\t<div class=\"elementor-container elementor-column-gap-default\">\n\t\t\t\t\t<div class=\"elementor-column elementor-col-100 elementor-inner-column elementor-element elementor-element-53a6e195\" data-id=\"53a6e195\" data-element_type=\"column\">\n\t\t\t<div class=\"elementor-widget-wrap elementor-element-populated\">\n\t\t\t\t\t\t<div class=\"elementor-element elementor-element-5118d471 elementor-widget elementor-widget-heading\" data-id=\"5118d471\" data-element_type=\"widget\" data-widget_type=\"heading.default\">\n\t\t\t\t<div class=\"elementor-widget-container\">\n\t\t\t\t\t<h3 class=\"elementor-heading-title elementor-size-default\">Antalya<\/h3>\t\t\t\t<\/div>\n\t\t\t\t<\/div>\n\t\t\t\t<div class=\"elementor-element elementor-element-6fdab35b elementor-widget elementor-widget-text-editor\" data-id=\"6fdab35b\" data-element_type=\"widget\" data-widget_type=\"text-editor.default\">\n\t\t\t\t<div class=\"elementor-widget-container\">\n\t\t\t\t\t\t\t\t\t<p>Antalya blev grundlagt af Attalos II af Pergamon i det 2. \u00e5rhundrede f.Kr. Byen gik dengang under navnet Attaleia og var en vigtig havneby p\u00e5 den tyrkiske sydkyst. I \u00e5r 130 bes\u00f8gte Kejser Hadrian byen og til \u00e6re<br \/>for kejseren opf\u00f8rte man en tyk bymur og en \u00e6resport. I det 12. \u00e5rhundrede<br \/>var havnen et vigtigt st\u00f8ttepunkt for korsfarer p\u00e5 deres rute til Pal\u00e6stina,<br \/>og i 1207 blev byen erobret af Seljuk-tyrkerne. Osmannerne overtog magten i slutningen af det 14. \u00e5rhundrede og beholdte den frem til 1923.<br \/>Rundt omkring i byen kan du stadig finde seljukske og osmanniske monumenter, som er blevet sk\u00e5net og er de f\u00e5 vidner til byens rige historie. Det mest ber\u00f8mte monument er Yivli Minare, den ribbede minaret, som blev bygget omkring 1200 og er en af byens vartegn. Alaettin Camii med sit seks-kuplede tag blev bygget mod minareten i 1373.<\/p>\t\t\t\t\t\t\t\t<\/div>\n\t\t\t\t<\/div>\n\t\t\t\t\t<\/div>\n\t\t<\/div>\n\t\t\t\t\t<\/div>\n\t\t<\/section>\n\t\t\t\t\t<\/div>\n\t\t<\/div>\n\t\t\t\t<div class=\"elementor-column elementor-col-50 elementor-top-column elementor-element elementor-element-c8ca56f\" data-id=\"c8ca56f\" data-element_type=\"column\">\n\t\t\t<div class=\"elementor-widget-wrap elementor-element-populated\">\n\t\t\t\t\t\t<section class=\"elementor-section elementor-inner-section elementor-element elementor-element-69ba30e elementor-section-boxed elementor-section-height-default elementor-section-height-default\" data-id=\"69ba30e\" data-element_type=\"section\">\n\t\t\t\t\t\t<div class=\"elementor-container elementor-column-gap-default\">\n\t\t\t\t\t<div class=\"elementor-column elementor-col-100 elementor-inner-column elementor-element elementor-element-4ebb1909\" data-id=\"4ebb1909\" data-element_type=\"column\">\n\t\t\t<div class=\"elementor-widget-wrap elementor-element-populated\">\n\t\t\t\t\t\t<div class=\"elementor-element elementor-element-1379ce3d elementor-widget elementor-widget-image\" data-id=\"1379ce3d\" data-element_type=\"widget\" data-widget_type=\"image.default\">\n\t\t\t\t<div class=\"elementor-widget-container\">\n\t\t\t\t\t\t\t\t\t\t\t\t\t\t\t<img fetchpriority=\"high\" decoding=\"async\" width=\"2000\" height=\"1326\" src=\"https:\/\/info.corendon.com.tr\/wp-content\/uploads\/2024\/04\/unesco-1.jpg\" class=\"attachment-full size-full wp-image-2185\" alt=\"\" srcset=\"https:\/\/info.corendon.com.tr\/wp-content\/uploads\/2024\/04\/unesco-1.jpg 2000w, https:\/\/info.corendon.com.tr\/wp-content\/uploads\/2024\/04\/unesco-1-300x199.jpg 300w, https:\/\/info.corendon.com.tr\/wp-content\/uploads\/2024\/04\/unesco-1-1024x679.jpg 1024w, https:\/\/info.corendon.com.tr\/wp-content\/uploads\/2024\/04\/unesco-1-768x509.jpg 768w, https:\/\/info.corendon.com.tr\/wp-content\/uploads\/2024\/04\/unesco-1-1536x1018.jpg 1536w, https:\/\/info.corendon.com.tr\/wp-content\/uploads\/2024\/04\/unesco-1-1568x1040.jpg 1568w\" sizes=\"(max-width: 2000px) 100vw, 2000px\" \/>\t\t\t\t\t\t\t\t\t\t\t\t\t\t\t<\/div>\n\t\t\t\t<\/div>\n\t\t\t\t\t<\/div>\n\t\t<\/div>\n\t\t\t\t\t<\/div>\n\t\t<\/section>\n\t\t\t\t\t<\/div>\n\t\t<\/div>\n\t\t\t\t\t<\/div>\n\t\t<\/section>\n\t\t\t\t<section class=\"elementor-section elementor-top-section elementor-element elementor-element-7e5696b4 elementor-section-boxed elementor-section-height-default elementor-section-height-default\" data-id=\"7e5696b4\" data-element_type=\"section\">\n\t\t\t\t\t\t<div class=\"elementor-container elementor-column-gap-default\">\n\t\t\t\t\t<div class=\"elementor-column elementor-col-50 elementor-top-column elementor-element elementor-element-42bc207d\" data-id=\"42bc207d\" data-element_type=\"column\">\n\t\t\t<div class=\"elementor-widget-wrap elementor-element-populated\">\n\t\t\t\t\t\t<section class=\"elementor-section elementor-inner-section elementor-element elementor-element-2e14680a elementor-section-boxed elementor-section-height-default elementor-section-height-default\" data-id=\"2e14680a\" data-element_type=\"section\">\n\t\t\t\t\t\t<div class=\"elementor-container elementor-column-gap-default\">\n\t\t\t\t\t<div class=\"elementor-column elementor-col-100 elementor-inner-column elementor-element elementor-element-789ed3e6\" data-id=\"789ed3e6\" data-element_type=\"column\">\n\t\t\t<div class=\"elementor-widget-wrap elementor-element-populated\">\n\t\t\t\t\t\t<div class=\"elementor-element elementor-element-a88a493 elementor-widget elementor-widget-image\" data-id=\"a88a493\" data-element_type=\"widget\" data-widget_type=\"image.default\">\n\t\t\t\t<div class=\"elementor-widget-container\">\n\t\t\t\t\t\t\t\t\t\t\t\t\t\t\t<img decoding=\"async\" width=\"2000\" height=\"1326\" src=\"https:\/\/info.corendon.com.tr\/wp-content\/uploads\/2024\/04\/unesco-9.png\" class=\"attachment-full size-full wp-image-2186\" alt=\"\" srcset=\"https:\/\/info.corendon.com.tr\/wp-content\/uploads\/2024\/04\/unesco-9.png 2000w, https:\/\/info.corendon.com.tr\/wp-content\/uploads\/2024\/04\/unesco-9-300x199.png 300w, https:\/\/info.corendon.com.tr\/wp-content\/uploads\/2024\/04\/unesco-9-1024x679.png 1024w, https:\/\/info.corendon.com.tr\/wp-content\/uploads\/2024\/04\/unesco-9-768x509.png 768w, https:\/\/info.corendon.com.tr\/wp-content\/uploads\/2024\/04\/unesco-9-1536x1018.png 1536w, https:\/\/info.corendon.com.tr\/wp-content\/uploads\/2024\/04\/unesco-9-1568x1040.png 1568w\" sizes=\"(max-width: 2000px) 100vw, 2000px\" \/>\t\t\t\t\t\t\t\t\t\t\t\t\t\t\t<\/div>\n\t\t\t\t<\/div>\n\t\t\t\t\t<\/div>\n\t\t<\/div>\n\t\t\t\t\t<\/div>\n\t\t<\/section>\n\t\t\t\t\t<\/div>\n\t\t<\/div>\n\t\t\t\t<div class=\"elementor-column elementor-col-50 elementor-top-column elementor-element elementor-element-1ab98131\" data-id=\"1ab98131\" data-element_type=\"column\">\n\t\t\t<div class=\"elementor-widget-wrap elementor-element-populated\">\n\t\t\t\t\t\t<section class=\"elementor-section elementor-inner-section elementor-element elementor-element-5273cfe1 elementor-section-boxed elementor-section-height-default elementor-section-height-default\" data-id=\"5273cfe1\" data-element_type=\"section\">\n\t\t\t\t\t\t<div class=\"elementor-container elementor-column-gap-default\">\n\t\t\t\t\t<div class=\"elementor-column elementor-col-100 elementor-inner-column elementor-element elementor-element-437b7966\" data-id=\"437b7966\" data-element_type=\"column\">\n\t\t\t<div class=\"elementor-widget-wrap elementor-element-populated\">\n\t\t\t\t\t\t<div class=\"elementor-element elementor-element-12a743b5 elementor-widget elementor-widget-text-editor\" data-id=\"12a743b5\" data-element_type=\"widget\" data-widget_type=\"text-editor.default\">\n\t\t\t\t<div class=\"elementor-widget-container\">\n\t\t\t\t\t\t\t\t\t<p>P\u00e5 den anden side af pladsen, hvor mosk\u00e9en og minareten ligger,<br \/>er et klokket\u00e5rn. Herfra du har en smuk udsigt over byen og de<br \/>sned\u00e6kkede tinder i Bey Daglar\u0131. Gennem havnen kommer du til H\u0131d\u0131rl\u0131k<br \/>Kulesi (fra d. 2. \u00e5rhundrede), det store t\u00e5rn, som romerne brugte som fyrt\u00e5rn.<br \/>Det er placeret ved siden af Karaali Park\u0131, en gr\u00f8n park af subtropiske tr\u00e6er og planter.<br \/>Hadrians \u00e6resport er placeret p\u00e5 Atat\u00fcrk Caddesi, med tre meget smukke triumfbuer, flankeret af to firkantede t\u00e5rne med en h\u00f8jde p\u00e5 14 meter, og spredt ud over gamle bydel er der stadig osmanniske huse. Den gamle bydel er byens hjerte og et must-see, n\u00e5r du er i Antalya. G\u00e5 en tur i de bilfri, brostensbelagte gader og nyd den fredfyldte atmosf\u00e6re midt i den pulserende storby.<\/p>\t\t\t\t\t\t\t\t<\/div>\n\t\t\t\t<\/div>\n\t\t\t\t\t<\/div>\n\t\t<\/div>\n\t\t\t\t\t<\/div>\n\t\t<\/section>\n\t\t\t\t\t<\/div>\n\t\t<\/div>\n\t\t\t\t\t<\/div>\n\t\t<\/section>\n\t\t\t\t<section class=\"elementor-section elementor-top-section elementor-element elementor-element-59c4484b elementor-reverse-mobile elementor-section-boxed elementor-section-height-default elementor-section-height-default\" data-id=\"59c4484b\" data-element_type=\"section\">\n\t\t\t\t\t\t<div class=\"elementor-container elementor-column-gap-default\">\n\t\t\t\t\t<div class=\"elementor-column elementor-col-50 elementor-top-column elementor-element elementor-element-5b357e84\" data-id=\"5b357e84\" data-element_type=\"column\">\n\t\t\t<div class=\"elementor-widget-wrap elementor-element-populated\">\n\t\t\t\t\t\t<section class=\"elementor-section elementor-inner-section elementor-element elementor-element-2c8e6887 elementor-section-boxed elementor-section-height-default elementor-section-height-default\" data-id=\"2c8e6887\" data-element_type=\"section\">\n\t\t\t\t\t\t<div class=\"elementor-container elementor-column-gap-default\">\n\t\t\t\t\t<div class=\"elementor-column elementor-col-100 elementor-inner-column elementor-element elementor-element-63275f3c\" data-id=\"63275f3c\" data-element_type=\"column\">\n\t\t\t<div class=\"elementor-widget-wrap elementor-element-populated\">\n\t\t\t\t\t\t<div class=\"elementor-element elementor-element-47e11098 elementor-widget elementor-widget-text-editor\" data-id=\"47e11098\" data-element_type=\"widget\" data-widget_type=\"text-editor.default\">\n\t\t\t\t<div class=\"elementor-widget-container\">\n\t\t\t\t\t\t\t\t\t<p>Ca. 2 km fra centrum af Antalya finder du byens ark\u00e6ologiske museum, som huser en af landets vigtige samlinger af gr\u00e6ske, romerske og byzantinske fund. Udstillingsgenstandene inkluderer nogle smukke statuer af gamle guder samt byzantinske ikoner og en relikvieholder med knogler af Sankt Nikolaus. Den etnografiske samling omfatter desuden et fuldt udstyret nomadetelt og et t\u00e6ppev\u00e6veri.<br \/>Udover en sp\u00e6ndende historie, rummer Antalya alt, hvad du kan forvente af en storby; Et forrygende natteliv, utallige restauranter og selvf\u00f8lge masser af shoppingmuligheder. Samtidig sikrer byens smukke beliggenhed, at du kan nyde dagen p\u00e5 stranden og nyde Middelhavets lune b\u00f8lger.<\/p>\t\t\t\t\t\t\t\t<\/div>\n\t\t\t\t<\/div>\n\t\t\t\t\t<\/div>\n\t\t<\/div>\n\t\t\t\t\t<\/div>\n\t\t<\/section>\n\t\t\t\t\t<\/div>\n\t\t<\/div>\n\t\t\t\t<div class=\"elementor-column elementor-col-50 elementor-top-column elementor-element elementor-element-bf6277\" data-id=\"bf6277\" data-element_type=\"column\">\n\t\t\t<div class=\"elementor-widget-wrap elementor-element-populated\">\n\t\t\t\t\t\t<section class=\"elementor-section elementor-inner-section elementor-element elementor-element-71413da6 elementor-section-boxed elementor-section-height-default elementor-section-height-default\" data-id=\"71413da6\" data-element_type=\"section\">\n\t\t\t\t\t\t<div class=\"elementor-container elementor-column-gap-default\">\n\t\t\t\t\t<div class=\"elementor-column elementor-col-100 elementor-inner-column elementor-element elementor-element-67a24415\" data-id=\"67a24415\" data-element_type=\"column\">\n\t\t\t<div class=\"elementor-widget-wrap elementor-element-populated\">\n\t\t\t\t\t\t<div class=\"elementor-element elementor-element-49309d69 elementor-widget elementor-widget-image\" data-id=\"49309d69\" data-element_type=\"widget\" data-widget_type=\"image.default\">\n\t\t\t\t<div class=\"elementor-widget-container\">\n\t\t\t\t\t\t\t\t\t\t\t\t\t\t\t<img decoding=\"async\" width=\"2000\" height=\"1326\" src=\"https:\/\/info.corendon.com.tr\/wp-content\/uploads\/2024\/04\/unesco-2.jpg\" class=\"attachment-full size-full wp-image-2187\" alt=\"\" srcset=\"https:\/\/info.corendon.com.tr\/wp-content\/uploads\/2024\/04\/unesco-2.jpg 2000w, https:\/\/info.corendon.com.tr\/wp-content\/uploads\/2024\/04\/unesco-2-300x199.jpg 300w, https:\/\/info.corendon.com.tr\/wp-content\/uploads\/2024\/04\/unesco-2-1024x679.jpg 1024w, https:\/\/info.corendon.com.tr\/wp-content\/uploads\/2024\/04\/unesco-2-768x509.jpg 768w, https:\/\/info.corendon.com.tr\/wp-content\/uploads\/2024\/04\/unesco-2-1536x1018.jpg 1536w, https:\/\/info.corendon.com.tr\/wp-content\/uploads\/2024\/04\/unesco-2-1568x1040.jpg 1568w\" sizes=\"(max-width: 2000px) 100vw, 2000px\" \/>\t\t\t\t\t\t\t\t\t\t\t\t\t\t\t<\/div>\n\t\t\t\t<\/div>\n\t\t\t\t\t<\/div>\n\t\t<\/div>\n\t\t\t\t\t<\/div>\n\t\t<\/section>\n\t\t\t\t\t<\/div>\n\t\t<\/div>\n\t\t\t\t\t<\/div>\n\t\t<\/section>\n\t\t\t\t<\/div>\n\t\t","protected":false},"excerpt":{"rendered":"<p>Antalya Antalya blev grundlagt af Attalos II af Pergamon i det 2. \u00e5rhundrede f.Kr. Byen gik dengang under navnet Attaleia og var en vigtig havneby p\u00e5 den tyrkiske sydkyst. I \u00e5r 130 bes\u00f8gte Kejser Hadrian byen og til \u00e6refor kejseren opf\u00f8rte man en tyk bymur og en \u00e6resport. I det 12. \u00e5rhundredevar havnen et vigtigt [&hellip;]<\/p>\n","protected":false},"author":1,"featured_media":0,"parent":0,"menu_order":0,"comment_status":"closed","ping_status":"closed","template":"elementor_header_footer","meta":{"footnotes":""},"class_list":["post-2184","page","type-page","status-publish","hentry"],"_links":{"self":[{"href":"https:\/\/info.corendon.com.tr\/da\/wp-json\/wp\/v2\/pages\/2184","targetHints":{"allow":["GET"]}}],"collection":[{"href":"https:\/\/info.corendon.com.tr\/da\/wp-json\/wp\/v2\/pages"}],"about":[{"href":"https:\/\/info.corendon.com.tr\/da\/wp-json\/wp\/v2\/types\/page"}],"author":[{"embeddable":true,"href":"https:\/\/info.corendon.com.tr\/da\/wp-json\/wp\/v2\/users\/1"}],"replies":[{"embeddable":true,"href":"https:\/\/info.corendon.com.tr\/da\/wp-json\/wp\/v2\/comments?post=2184"}],"version-history":[{"count":4,"href":"https:\/\/info.corendon.com.tr\/da\/wp-json\/wp\/v2\/pages\/2184\/revisions"}],"predecessor-version":[{"id":8019,"href":"https:\/\/info.corendon.com.tr\/da\/wp-json\/wp\/v2\/pages\/2184\/revisions\/8019"}],"wp:attachment":[{"href":"https:\/\/info.corendon.com.tr\/da\/wp-json\/wp\/v2\/media?parent=2184"}],"curies":[{"name":"wp","href":"https:\/\/api.w.org\/{rel}","templated":true}]}}