{"id":2166,"date":"2024-04-18T11:25:27","date_gmt":"2024-04-18T08:25:27","guid":{"rendered":"https:\/\/info.corendon.com.tr\/fakta-om-tyrkiet\/"},"modified":"2025-08-13T16:19:56","modified_gmt":"2025-08-13T13:19:56","slug":"fakta-om-tyrkiet","status":"publish","type":"page","link":"https:\/\/info.corendon.com.tr\/da\/fakta-om-tyrkiet\/","title":{"rendered":"Fakta om Tyrkiet"},"content":{"rendered":"\t\t<div data-elementor-type=\"wp-page\" data-elementor-id=\"2166\" class=\"elementor elementor-2166 elementor-253\" data-elementor-post-type=\"page\">\n\t\t\t\t<div class=\"elementor-element elementor-element-4fc135b e-flex e-con-boxed e-con e-parent\" data-id=\"4fc135b\" data-element_type=\"container\">\n\t\t\t\t\t<div class=\"e-con-inner\">\n\t\t\t\t<div class=\"elementor-element elementor-element-d0e4b75 elementor-nav-menu__align-center elementor-nav-menu--dropdown-none elementor-widget elementor-widget-nav-menu\" data-id=\"d0e4b75\" data-element_type=\"widget\" data-settings=\"{&quot;layout&quot;:&quot;horizontal&quot;,&quot;submenu_icon&quot;:{&quot;value&quot;:&quot;&lt;svg aria-hidden=\\&quot;true\\&quot; class=\\&quot;e-font-icon-svg e-fas-caret-down\\&quot; viewBox=\\&quot;0 0 320 512\\&quot; xmlns=\\&quot;http:\\\/\\\/www.w3.org\\\/2000\\\/svg\\&quot;&gt;&lt;path d=\\&quot;M31.3 192h257.3c17.8 0 26.7 21.5 14.1 34.1L174.1 354.8c-7.8 7.8-20.5 7.8-28.3 0L17.2 226.1C4.6 213.5 13.5 192 31.3 192z\\&quot;&gt;&lt;\\\/path&gt;&lt;\\\/svg&gt;&quot;,&quot;library&quot;:&quot;fa-solid&quot;}}\" data-widget_type=\"nav-menu.default\">\n\t\t\t\t<div class=\"elementor-widget-container\">\n\t\t\t\t\t\t\t\t<nav aria-label=\"Menu\" class=\"elementor-nav-menu--main elementor-nav-menu__container elementor-nav-menu--layout-horizontal e--pointer-none\">\n\t\t\t\t<ul id=\"menu-1-d0e4b75\" class=\"elementor-nav-menu\"><li class=\"menu-item menu-item-type-custom menu-item-object-custom menu-item-has-children menu-item-478\"><a href=\"#\" class=\"elementor-item elementor-item-anchor\">Choose Destination<\/a>\n<ul class=\"sub-menu elementor-nav-menu--dropdown\">\n\t<li class=\"menu-item menu-item-type-post_type menu-item-object-page menu-item-485\"><a href=\"https:\/\/info.corendon.com.tr\/en\/antalya\/\" class=\"elementor-sub-item\">Antalya<\/a><\/li>\n\t<li class=\"menu-item menu-item-type-post_type menu-item-object-page menu-item-484\"><a href=\"https:\/\/info.corendon.com.tr\/en\/?page_id=404\" class=\"elementor-sub-item\">Alanya<\/a><\/li>\n\t<li class=\"menu-item menu-item-type-post_type menu-item-object-page menu-item-483\"><a href=\"https:\/\/info.corendon.com.tr\/en\/side\/\" class=\"elementor-sub-item\">Side<\/a><\/li>\n\t<li class=\"menu-item menu-item-type-post_type menu-item-object-page menu-item-482\"><a href=\"https:\/\/info.corendon.com.tr\/en\/kemer\/\" class=\"elementor-sub-item\">Kemer<\/a><\/li>\n\t<li class=\"menu-item menu-item-type-post_type menu-item-object-page menu-item-481\"><a href=\"https:\/\/info.corendon.com.tr\/en\/belek\/\" class=\"elementor-sub-item\">Belek<\/a><\/li>\n<\/ul>\n<\/li>\n<\/ul>\t\t\t<\/nav>\n\t\t\t\t\t\t<nav class=\"elementor-nav-menu--dropdown elementor-nav-menu__container\" aria-hidden=\"true\">\n\t\t\t\t<ul id=\"menu-2-d0e4b75\" class=\"elementor-nav-menu\"><li class=\"menu-item menu-item-type-custom menu-item-object-custom menu-item-has-children menu-item-478\"><a href=\"#\" class=\"elementor-item elementor-item-anchor\" tabindex=\"-1\">Choose Destination<\/a>\n<ul class=\"sub-menu elementor-nav-menu--dropdown\">\n\t<li class=\"menu-item menu-item-type-post_type menu-item-object-page menu-item-485\"><a href=\"https:\/\/info.corendon.com.tr\/en\/antalya\/\" class=\"elementor-sub-item\" tabindex=\"-1\">Antalya<\/a><\/li>\n\t<li class=\"menu-item menu-item-type-post_type menu-item-object-page menu-item-484\"><a href=\"https:\/\/info.corendon.com.tr\/en\/?page_id=404\" class=\"elementor-sub-item\" tabindex=\"-1\">Alanya<\/a><\/li>\n\t<li class=\"menu-item menu-item-type-post_type menu-item-object-page menu-item-483\"><a href=\"https:\/\/info.corendon.com.tr\/en\/side\/\" class=\"elementor-sub-item\" tabindex=\"-1\">Side<\/a><\/li>\n\t<li class=\"menu-item menu-item-type-post_type menu-item-object-page menu-item-482\"><a href=\"https:\/\/info.corendon.com.tr\/en\/kemer\/\" class=\"elementor-sub-item\" tabindex=\"-1\">Kemer<\/a><\/li>\n\t<li class=\"menu-item menu-item-type-post_type menu-item-object-page menu-item-481\"><a href=\"https:\/\/info.corendon.com.tr\/en\/belek\/\" class=\"elementor-sub-item\" tabindex=\"-1\">Belek<\/a><\/li>\n<\/ul>\n<\/li>\n<\/ul>\t\t\t<\/nav>\n\t\t\t\t\t\t<\/div>\n\t\t\t\t<\/div>\n\t\t\t\t\t<\/div>\n\t\t\t\t<\/div>\n\t\t\t\t<section class=\"elementor-section elementor-top-section elementor-element elementor-element-2a4e81b elementor-reverse-mobile elementor-section-boxed elementor-section-height-default elementor-section-height-default\" data-id=\"2a4e81b\" data-element_type=\"section\">\n\t\t\t\t\t\t<div class=\"elementor-container elementor-column-gap-default\">\n\t\t\t\t\t<div class=\"elementor-column elementor-col-50 elementor-top-column elementor-element elementor-element-a0a90b9\" data-id=\"a0a90b9\" data-element_type=\"column\">\n\t\t\t<div class=\"elementor-widget-wrap elementor-element-populated\">\n\t\t\t\t\t\t<div class=\"elementor-element elementor-element-5f2021d elementor-widget elementor-widget-heading\" data-id=\"5f2021d\" data-element_type=\"widget\" data-widget_type=\"heading.default\">\n\t\t\t\t<div class=\"elementor-widget-container\">\n\t\t\t\t\t<h2 class=\"elementor-heading-title elementor-size-default\">Fakta om Tyrkiet<\/h2>\t\t\t\t<\/div>\n\t\t\t\t<\/div>\n\t\t\t\t<div class=\"elementor-element elementor-element-6b1c06f elementor-widget elementor-widget-icon-box\" data-id=\"6b1c06f\" data-element_type=\"widget\" data-widget_type=\"icon-box.default\">\n\t\t\t\t<div class=\"elementor-widget-container\">\n\t\t\t\t\t\t\t<div class=\"elementor-icon-box-wrapper\">\n\n\t\t\t\n\t\t\t\t\t\t<div class=\"elementor-icon-box-content\">\n\n\t\t\t\t\t\t\t\t\t<h4 class=\"elementor-icon-box-title\">\n\t\t\t\t\t\t<span  >\n\t\t\t\t\t\t\tOfficielle navn:\t\t\t\t\t\t<\/span>\n\t\t\t\t\t<\/h4>\n\t\t\t\t\n\t\t\t\t\t\t\t\t\t<p class=\"elementor-icon-box-description\">\n\t\t\t\t\t\tRepublikken Tyrkiet\t\t\t\t\t<\/p>\n\t\t\t\t\n\t\t\t<\/div>\n\t\t\t\n\t\t<\/div>\n\t\t\t\t\t\t<\/div>\n\t\t\t\t<\/div>\n\t\t\t\t<div class=\"elementor-element elementor-element-f4a5ac6 elementor-widget elementor-widget-icon-box\" data-id=\"f4a5ac6\" data-element_type=\"widget\" data-widget_type=\"icon-box.default\">\n\t\t\t\t<div class=\"elementor-widget-container\">\n\t\t\t\t\t\t\t<div class=\"elementor-icon-box-wrapper\">\n\n\t\t\t\n\t\t\t\t\t\t<div class=\"elementor-icon-box-content\">\n\n\t\t\t\t\t\t\t\t\t<h4 class=\"elementor-icon-box-title\">\n\t\t\t\t\t\t<span  >\n\t\t\t\t\t\t\tHovedstad:\t\t\t\t\t\t<\/span>\n\t\t\t\t\t<\/h4>\n\t\t\t\t\n\t\t\t\t\t\t\t\t\t<p class=\"elementor-icon-box-description\">\n\t\t\t\t\t\tAnkara\t\t\t\t\t<\/p>\n\t\t\t\t\n\t\t\t<\/div>\n\t\t\t\n\t\t<\/div>\n\t\t\t\t\t\t<\/div>\n\t\t\t\t<\/div>\n\t\t\t\t<div class=\"elementor-element elementor-element-6dea38e elementor-widget elementor-widget-icon-box\" data-id=\"6dea38e\" data-element_type=\"widget\" data-widget_type=\"icon-box.default\">\n\t\t\t\t<div class=\"elementor-widget-container\">\n\t\t\t\t\t\t\t<div class=\"elementor-icon-box-wrapper\">\n\n\t\t\t\n\t\t\t\t\t\t<div class=\"elementor-icon-box-content\">\n\n\t\t\t\t\t\t\t\t\t<h4 class=\"elementor-icon-box-title\">\n\t\t\t\t\t\t<span  >\n\t\t\t\t\t\t\tRegeringsform:\t\t\t\t\t\t<\/span>\n\t\t\t\t\t<\/h4>\n\t\t\t\t\n\t\t\t\t\t\t\t\t\t<p class=\"elementor-icon-box-description\">\n\t\t\t\t\t\tRepublik\t\t\t\t\t<\/p>\n\t\t\t\t\n\t\t\t<\/div>\n\t\t\t\n\t\t<\/div>\n\t\t\t\t\t\t<\/div>\n\t\t\t\t<\/div>\n\t\t\t\t<div class=\"elementor-element elementor-element-b484c1c elementor-widget elementor-widget-icon-box\" data-id=\"b484c1c\" data-element_type=\"widget\" data-widget_type=\"icon-box.default\">\n\t\t\t\t<div class=\"elementor-widget-container\">\n\t\t\t\t\t\t\t<div class=\"elementor-icon-box-wrapper\">\n\n\t\t\t\n\t\t\t\t\t\t<div class=\"elementor-icon-box-content\">\n\n\t\t\t\t\t\t\t\t\t<h4 class=\"elementor-icon-box-title\">\n\t\t\t\t\t\t<span  >\n\t\t\t\t\t\t\tSt\u00f8rrelse:\t\t\t\t\t\t<\/span>\n\t\t\t\t\t<\/h4>\n\t\t\t\t\n\t\t\t\t\t\t\t\t\t<p class=\"elementor-icon-box-description\">\n\t\t\t\t\t\t783.562 km\u00b2\t\t\t\t\t<\/p>\n\t\t\t\t\n\t\t\t<\/div>\n\t\t\t\n\t\t<\/div>\n\t\t\t\t\t\t<\/div>\n\t\t\t\t<\/div>\n\t\t\t\t<div class=\"elementor-element elementor-element-5949746 elementor-widget elementor-widget-icon-box\" data-id=\"5949746\" data-element_type=\"widget\" data-widget_type=\"icon-box.default\">\n\t\t\t\t<div class=\"elementor-widget-container\">\n\t\t\t\t\t\t\t<div class=\"elementor-icon-box-wrapper\">\n\n\t\t\t\n\t\t\t\t\t\t<div class=\"elementor-icon-box-content\">\n\n\t\t\t\t\t\t\t\t\t<h4 class=\"elementor-icon-box-title\">\n\t\t\t\t\t\t<span  >\n\t\t\t\t\t\t\tSprog:\t\t\t\t\t\t<\/span>\n\t\t\t\t\t<\/h4>\n\t\t\t\t\n\t\t\t\t\t\t\t\t\t<p class=\"elementor-icon-box-description\">\n\t\t\t\t\t\tTyrkisk\t\t\t\t\t<\/p>\n\t\t\t\t\n\t\t\t<\/div>\n\t\t\t\n\t\t<\/div>\n\t\t\t\t\t\t<\/div>\n\t\t\t\t<\/div>\n\t\t\t\t<div class=\"elementor-element elementor-element-75f5f35 elementor-widget elementor-widget-icon-box\" data-id=\"75f5f35\" data-element_type=\"widget\" data-widget_type=\"icon-box.default\">\n\t\t\t\t<div class=\"elementor-widget-container\">\n\t\t\t\t\t\t\t<div class=\"elementor-icon-box-wrapper\">\n\n\t\t\t\n\t\t\t\t\t\t<div class=\"elementor-icon-box-content\">\n\n\t\t\t\t\t\t\t\t\t<h4 class=\"elementor-icon-box-title\">\n\t\t\t\t\t\t<span  >\n\t\t\t\t\t\t\tReligion:\t\t\t\t\t\t<\/span>\n\t\t\t\t\t<\/h4>\n\t\t\t\t\n\t\t\t\t\t\t\t\t\t<p class=\"elementor-icon-box-description\">\n\t\t\t\t\t\tIslam, Kristendom og\r\nJ\u00f8dedom\t\t\t\t\t<\/p>\n\t\t\t\t\n\t\t\t<\/div>\n\t\t\t\n\t\t<\/div>\n\t\t\t\t\t\t<\/div>\n\t\t\t\t<\/div>\n\t\t\t\t<div class=\"elementor-element elementor-element-9e3fa88 elementor-widget elementor-widget-icon-box\" data-id=\"9e3fa88\" data-element_type=\"widget\" data-widget_type=\"icon-box.default\">\n\t\t\t\t<div class=\"elementor-widget-container\">\n\t\t\t\t\t\t\t<div class=\"elementor-icon-box-wrapper\">\n\n\t\t\t\n\t\t\t\t\t\t<div class=\"elementor-icon-box-content\">\n\n\t\t\t\t\t\t\t\t\t<h4 class=\"elementor-icon-box-title\">\n\t\t\t\t\t\t<span  >\n\t\t\t\t\t\t\tValuta:\t\t\t\t\t\t<\/span>\n\t\t\t\t\t<\/h4>\n\t\t\t\t\n\t\t\t\t\t\t\t\t\t<p class=\"elementor-icon-box-description\">\n\t\t\t\t\t\tLira\t\t\t\t\t<\/p>\n\t\t\t\t\n\t\t\t<\/div>\n\t\t\t\n\t\t<\/div>\n\t\t\t\t\t\t<\/div>\n\t\t\t\t<\/div>\n\t\t\t\t\t<\/div>\n\t\t<\/div>\n\t\t\t\t<div class=\"elementor-column elementor-col-50 elementor-top-column elementor-element elementor-element-b64fc20\" data-id=\"b64fc20\" data-element_type=\"column\">\n\t\t\t<div class=\"elementor-widget-wrap elementor-element-populated\">\n\t\t\t\t\t\t<section class=\"elementor-section elementor-inner-section elementor-element elementor-element-9b32626 elementor-section-boxed elementor-section-height-default elementor-section-height-default\" data-id=\"9b32626\" data-element_type=\"section\">\n\t\t\t\t\t\t<div class=\"elementor-container elementor-column-gap-default\">\n\t\t\t\t\t<div class=\"elementor-column elementor-col-100 elementor-inner-column elementor-element elementor-element-cc9d502\" data-id=\"cc9d502\" data-element_type=\"column\">\n\t\t\t<div class=\"elementor-widget-wrap elementor-element-populated\">\n\t\t\t\t\t\t<div class=\"elementor-element elementor-element-d04a470 elementor-widget elementor-widget-image\" data-id=\"d04a470\" data-element_type=\"widget\" data-widget_type=\"image.default\">\n\t\t\t\t<div class=\"elementor-widget-container\">\n\t\t\t\t\t\t\t\t\t\t\t\t\t\t\t<img fetchpriority=\"high\" decoding=\"async\" width=\"2000\" height=\"1326\" src=\"https:\/\/info.corendon.com.tr\/wp-content\/uploads\/2024\/04\/unesco-6.png\" class=\"attachment-full size-full wp-image-2063\" alt=\"\" srcset=\"https:\/\/info.corendon.com.tr\/wp-content\/uploads\/2024\/04\/unesco-6.png 2000w, https:\/\/info.corendon.com.tr\/wp-content\/uploads\/2024\/04\/unesco-6-300x199.png 300w, https:\/\/info.corendon.com.tr\/wp-content\/uploads\/2024\/04\/unesco-6-1024x679.png 1024w, https:\/\/info.corendon.com.tr\/wp-content\/uploads\/2024\/04\/unesco-6-768x509.png 768w, https:\/\/info.corendon.com.tr\/wp-content\/uploads\/2024\/04\/unesco-6-1536x1018.png 1536w, https:\/\/info.corendon.com.tr\/wp-content\/uploads\/2024\/04\/unesco-6-1568x1040.png 1568w\" sizes=\"(max-width: 2000px) 100vw, 2000px\" \/>\t\t\t\t\t\t\t\t\t\t\t\t\t\t\t<\/div>\n\t\t\t\t<\/div>\n\t\t\t\t\t<\/div>\n\t\t<\/div>\n\t\t\t\t\t<\/div>\n\t\t<\/section>\n\t\t\t\t\t<\/div>\n\t\t<\/div>\n\t\t\t\t\t<\/div>\n\t\t<\/section>\n\t\t\t\t<section class=\"elementor-section elementor-top-section elementor-element elementor-element-2a7c1c3 elementor-section-boxed elementor-section-height-default elementor-section-height-default\" data-id=\"2a7c1c3\" data-element_type=\"section\">\n\t\t\t\t\t\t<div class=\"elementor-container elementor-column-gap-default\">\n\t\t\t\t\t<div class=\"elementor-column elementor-col-100 elementor-top-column elementor-element elementor-element-560a7333\" data-id=\"560a7333\" data-element_type=\"column\">\n\t\t\t<div class=\"elementor-widget-wrap elementor-element-populated\">\n\t\t\t\t\t\t<section class=\"elementor-section elementor-inner-section elementor-element elementor-element-18ec912b elementor-section-boxed elementor-section-height-default elementor-section-height-default\" data-id=\"18ec912b\" data-element_type=\"section\">\n\t\t\t\t\t\t<div class=\"elementor-container elementor-column-gap-default\">\n\t\t\t\t\t<div class=\"elementor-column elementor-col-100 elementor-inner-column elementor-element elementor-element-64efda4b\" data-id=\"64efda4b\" data-element_type=\"column\">\n\t\t\t<div class=\"elementor-widget-wrap elementor-element-populated\">\n\t\t\t\t\t\t<div class=\"elementor-element elementor-element-2d806c94 elementor-widget elementor-widget-accordion\" data-id=\"2d806c94\" data-element_type=\"widget\" data-widget_type=\"accordion.default\">\n\t\t\t\t<div class=\"elementor-widget-container\">\n\t\t\t\t\t\t\t<div class=\"elementor-accordion\">\n\t\t\t\t\t\t\t<div class=\"elementor-accordion-item\">\n\t\t\t\t\t<div id=\"elementor-tab-title-7631\" class=\"elementor-tab-title\" data-tab=\"1\" role=\"button\" aria-controls=\"elementor-tab-content-7631\" aria-expanded=\"false\">\n\t\t\t\t\t\t\t\t\t\t\t\t<a class=\"elementor-accordion-title\" tabindex=\"0\">Geografi<\/a>\n\t\t\t\t\t<\/div>\n\t\t\t\t\t<div id=\"elementor-tab-content-7631\" class=\"elementor-tab-content elementor-clearfix\" data-tab=\"1\" role=\"region\" aria-labelledby=\"elementor-tab-title-7631\"><div class=\"page\" title=\"Page 5\"><div class=\"layoutArea\"><div class=\"column\"><p>Tyrkiet har et areal pa\u030a 783.562 km2. Hovedstaden Ankara har 5,7 millioner indbyggere, hvilket g\u00f8r det til den n\u00e6stst\u00f8rste by i Tyrkiet; kun Istanbul med sine 15 millioner indbyggere er st\u00f8rre. Blandet landets andre byer med mere end 1 mio. indbyggere findes Izmir (4,3 mio.), Bursa (3 mio.) og Adana (1,7 mio.).<\/p><\/div><\/div><\/div><\/div>\n\t\t\t\t<\/div>\n\t\t\t\t\t\t\t<div class=\"elementor-accordion-item\">\n\t\t\t\t\t<div id=\"elementor-tab-title-7632\" class=\"elementor-tab-title\" data-tab=\"2\" role=\"button\" aria-controls=\"elementor-tab-content-7632\" aria-expanded=\"false\">\n\t\t\t\t\t\t\t\t\t\t\t\t<a class=\"elementor-accordion-title\" tabindex=\"0\">Klima<\/a>\n\t\t\t\t\t<\/div>\n\t\t\t\t\t<div id=\"elementor-tab-content-7632\" class=\"elementor-tab-content elementor-clearfix\" data-tab=\"2\" role=\"region\" aria-labelledby=\"elementor-tab-title-7632\"><div class=\"page\" title=\"Page 5\"><div class=\"layoutArea\"><div class=\"column\"><p>Sommerma\u030anederne i Tyrkiet er varme \u2013 til tider endda rigtig varme, og hedeb\u00f8lger med temperaturer omkring 40 grader er ikke us\u00e6dvanlige midt pa\u030a sommeren.<br \/>Tyrkiets varmeste region findes i landets \u00f8stlige del langs Middelhavet. I Alanya og ved det \u00c6g\u00e6iske Hav ligger sommertemperaturene som regel over 30 grader og ogsa\u030a nattetimerne kan opleves varme. Fora\u030aret og det sene eftera\u030ar er generelt k\u00f8ligere og selvom dagtemperaturerne er h\u00f8je, sa\u030a falder temperaturene gerne ved aftentid. Sommeren i Tyrkiet er generelt meget t\u00f8r, mens eftera\u030aret og vinteren byder pa\u030a regn \u2013 dog noget mindre end i Danmark.<\/p><\/div><\/div><\/div><\/div>\n\t\t\t\t<\/div>\n\t\t\t\t\t\t\t<div class=\"elementor-accordion-item\">\n\t\t\t\t\t<div id=\"elementor-tab-title-7633\" class=\"elementor-tab-title\" data-tab=\"3\" role=\"button\" aria-controls=\"elementor-tab-content-7633\" aria-expanded=\"false\">\n\t\t\t\t\t\t\t\t\t\t\t\t<a class=\"elementor-accordion-title\" tabindex=\"0\">Flora og fauna<\/a>\n\t\t\t\t\t<\/div>\n\t\t\t\t\t<div id=\"elementor-tab-content-7633\" class=\"elementor-tab-content elementor-clearfix\" data-tab=\"3\" role=\"region\" aria-labelledby=\"elementor-tab-title-7633\"><div class=\"page\" title=\"Page 5\"><div class=\"layoutArea\"><div class=\"column\"><p>Tyrkiet er hjemsted for en r\u00e6kke sj\u00e6ldne plantearter, som bl.a. forekommer i Taurusbjergene, der str\u00e6kker sig langs Middelhavet. Planterne er fredet og det er derfor forbudt at tage dem med hjem fra ferie uden s\u00e6rlig tilladelse. Der findes naturligvis ogsa\u030a velkendte planter som tulipaner og hyacinter, som faktisk oprindeligt stammer fra de tyrkiske bjerge. Tyrkiet er ogsa\u030a hjemsted for en r\u00e6kke vilde dyr \u2013 herunder brunbj\u00f8rne, vildsvin, ulve og hy\u00e6ner. Der er ikke tradition for at holde k\u00e6ledyr i Tyrkiet, men der passes generelt godt pa\u030a de hunde og katte, der lever pa\u030a gaden. De fleste gadehunde vaccineres mod sygdomme, og lokalomra\u030adernes beboere passer pa\u030a dyrene. I den centrale og sydlige Tyrkiet holder landm\u00e6ndene ofte fa\u030ar og geder, mens landm\u00e6nd i det nordlige Tyrkiet holder kv\u00e6g.<\/p><\/div><\/div><\/div><\/div>\n\t\t\t\t<\/div>\n\t\t\t\t\t\t\t<div class=\"elementor-accordion-item\">\n\t\t\t\t\t<div id=\"elementor-tab-title-7634\" class=\"elementor-tab-title\" data-tab=\"4\" role=\"button\" aria-controls=\"elementor-tab-content-7634\" aria-expanded=\"false\">\n\t\t\t\t\t\t\t\t\t\t\t\t<a class=\"elementor-accordion-title\" tabindex=\"0\">Sprog<\/a>\n\t\t\t\t\t<\/div>\n\t\t\t\t\t<div id=\"elementor-tab-content-7634\" class=\"elementor-tab-content elementor-clearfix\" data-tab=\"4\" role=\"region\" aria-labelledby=\"elementor-tab-title-7634\"><div class=\"page\" title=\"Page 5\"><div class=\"layoutArea\"><div class=\"column\"><p>Tyrkisk stammer oprindeligt fra Mongoliet. Det nuv\u00e6rende tyrkiske sprog var sammensat af det sa\u030akaldte \u201cbondetyrkisk\u201d, \u201cmellemtyrkisk\u201d og osmannisk tyrkisk, som har mange arabiske og persiske ord. Indtil 1928 var det tyrkiske sprog skrevet med elegante arabiske tegn, men sidenhen er det skrevne sprog konverteret til det latinske alfabet. Pa\u030a verdensplan taler 150 mio. mennesker tyrkisk. I Tyrkiets ferieomra\u030ader taler de fleste engelsk, tysk eller fransk, og du kan ogsa\u030a opleve, at lokalbefolkningen kan en r\u00e6kke danske gloser.<\/p><\/div><\/div><\/div><\/div>\n\t\t\t\t<\/div>\n\t\t\t\t\t\t\t<div class=\"elementor-accordion-item\">\n\t\t\t\t\t<div id=\"elementor-tab-title-7635\" class=\"elementor-tab-title\" data-tab=\"5\" role=\"button\" aria-controls=\"elementor-tab-content-7635\" aria-expanded=\"false\">\n\t\t\t\t\t\t\t\t\t\t\t\t<a class=\"elementor-accordion-title\" tabindex=\"0\"> <\/a>\n\t\t\t\t\t<\/div>\n\t\t\t\t\t<div id=\"elementor-tab-content-7635\" class=\"elementor-tab-content elementor-clearfix\" data-tab=\"5\" role=\"region\" aria-labelledby=\"elementor-tab-title-7635\"><\/div>\n\t\t\t\t<\/div>\n\t\t\t\t\t\t\t\t<\/div>\n\t\t\t\t\t\t<\/div>\n\t\t\t\t<\/div>\n\t\t\t\t\t<\/div>\n\t\t<\/div>\n\t\t\t\t\t<\/div>\n\t\t<\/section>\n\t\t\t\t\t<\/div>\n\t\t<\/div>\n\t\t\t\t\t<\/div>\n\t\t<\/section>\n\t\t\t\t<\/div>\n\t\t","protected":false},"excerpt":{"rendered":"<p>Fakta om Tyrkiet Officielle navn: Republikken Tyrkiet Hovedstad: Ankara Regeringsform: Republik St\u00f8rrelse: 783.562 km\u00b2 Sprog: Tyrkisk Religion: Islam, Kristendom og J\u00f8dedom Valuta: Lira Geografi Tyrkiet har et areal pa\u030a 783.562 km2. Hovedstaden Ankara har 5,7 millioner indbyggere, hvilket g\u00f8r det til den n\u00e6stst\u00f8rste by i Tyrkiet; kun Istanbul med sine 15 millioner indbyggere er st\u00f8rre. [&hellip;]<\/p>\n","protected":false},"author":1,"featured_media":0,"parent":0,"menu_order":0,"comment_status":"closed","ping_status":"closed","template":"elementor_header_footer","meta":{"footnotes":""},"class_list":["post-2166","page","type-page","status-publish","hentry"],"_links":{"self":[{"href":"https:\/\/info.corendon.com.tr\/da\/wp-json\/wp\/v2\/pages\/2166","targetHints":{"allow":["GET"]}}],"collection":[{"href":"https:\/\/info.corendon.com.tr\/da\/wp-json\/wp\/v2\/pages"}],"about":[{"href":"https:\/\/info.corendon.com.tr\/da\/wp-json\/wp\/v2\/types\/page"}],"author":[{"embeddable":true,"href":"https:\/\/info.corendon.com.tr\/da\/wp-json\/wp\/v2\/users\/1"}],"replies":[{"embeddable":true,"href":"https:\/\/info.corendon.com.tr\/da\/wp-json\/wp\/v2\/comments?post=2166"}],"version-history":[{"count":4,"href":"https:\/\/info.corendon.com.tr\/da\/wp-json\/wp\/v2\/pages\/2166\/revisions"}],"predecessor-version":[{"id":8027,"href":"https:\/\/info.corendon.com.tr\/da\/wp-json\/wp\/v2\/pages\/2166\/revisions\/8027"}],"wp:attachment":[{"href":"https:\/\/info.corendon.com.tr\/da\/wp-json\/wp\/v2\/media?parent=2166"}],"curies":[{"name":"wp","href":"https:\/\/api.w.org\/{rel}","templated":true}]}}